{"id":3401,"date":"2026-02-20T11:30:39","date_gmt":"2026-02-20T10:30:39","guid":{"rendered":"https:\/\/cursosverano.uc3m.es\/spanish-culture-course-in-madrid\/"},"modified":"2026-04-09T14:52:44","modified_gmt":"2026-04-09T12:52:44","slug":"spanish-culture-course-in-madrid","status":"publish","type":"page","link":"https:\/\/cursosverano.uc3m.es\/en\/spanish-culture-course-in-madrid\/","title":{"rendered":"Spanish Culture Course in Madrid"},"content":{"rendered":"<p>[et_pb_section fb_built=&#8221;1&#8243; admin_label=&#8221;Header&#8221; _builder_version=&#8221;4.27.5&#8243; _module_preset=&#8221;default&#8221; use_background_color_gradient=&#8221;on&#8221; background_color_gradient_stops=&#8221;rgba(0,0,0,0.3) 0%|rgba(0,0,0,0.3) 100%&#8221; background_color_gradient_overlays_image=&#8221;on&#8221; background_image=&#8221;https:\/\/storage.googleapis.com\/wp-uploads.bucket.wp.uc3m.es\/wp-content\/uploads\/sites\/106\/2026\/03\/11114037\/spain-head.jpg&#8221; min_height=&#8221;350px&#8221; collapsed=&#8221;off&#8221; global_colors_info=&#8221;{}&#8221;][et_pb_row _builder_version=&#8221;4.27.5&#8243; _module_preset=&#8221;default&#8221; custom_margin=&#8221;50px||0px||false|false&#8221; global_colors_info=&#8221;{}&#8221;][et_pb_column type=&#8221;4_4&#8243; _builder_version=&#8221;4.22.0&#8243; _module_preset=&#8221;default&#8221; global_colors_info=&#8221;{}&#8221;][et_pb_text _builder_version=&#8221;4.27.5&#8243; _module_preset=&#8221;3846bf54-0eec-4e91-88b3-451507d86309&#8243; header_font=&#8221;Roboto|700||on|||||&#8221; header_text_color=&#8221;#FFFFFF&#8221; header_font_size=&#8221;5vw&#8221; header_2_text_color=&#8221;#FFFFFF&#8221; global_colors_info=&#8221;{}&#8221;]<\/p>\n<h1>Spanish Culture Course in Madrid<\/h1>\n<p>[\/et_pb_text][\/et_pb_column][\/et_pb_row][et_pb_row column_structure=&#8221;1_2,1_2&#8243; _builder_version=&#8221;4.24.2&#8243; _module_preset=&#8221;default&#8221; custom_margin=&#8221;||||false|false&#8221; global_colors_info=&#8221;{}&#8221;][et_pb_column type=&#8221;1_2&#8243; _builder_version=&#8221;4.24.2&#8243; _module_preset=&#8221;default&#8221; global_colors_info=&#8221;{}&#8221;][et_pb_text admin_label=&#8221;Direcci\u00f3n&#8221; _builder_version=&#8221;4.27.5&#8243; _module_preset=&#8221;bac8ece3-e969-4d21-a72c-ec40ff0005b1&#8243; text_text_color=&#8221;#ffffff&#8221; custom_margin=&#8221;|||0px|false|false&#8221; global_colors_info=&#8221;{}&#8221;]<\/p>\n<p><b>Directors: <\/b>Ana Carola Saiegh Dor\u00edn and Soledad Luque Delgado<b><br \/><\/b><b><br \/><\/b><\/p>\n<p>&nbsp;<\/p>\n<p>[\/et_pb_text][\/et_pb_column][et_pb_column type=&#8221;1_2&#8243; _builder_version=&#8221;4.24.2&#8243; _module_preset=&#8221;default&#8221; global_colors_info=&#8221;{}&#8221;][et_pb_button button_url=&#8221;https:\/\/cursosverano.uc3m.es\/informacion-practica\/&#8221; url_new_window=&#8221;on&#8221; button_text=&#8221;Inscripci\u00f3n&#8221; _builder_version=&#8221;4.27.0&#8243; _module_preset=&#8221;5167ee39-985e-484a-8987-6f27c78c5ef5&#8243; button_text_color=&#8221;#424242&#8243; button_bg_color=&#8221;rgba(255,255,255,0.72)&#8221; global_colors_info=&#8221;{}&#8221;][\/et_pb_button][\/et_pb_column][\/et_pb_row][\/et_pb_section][et_pb_section fb_built=&#8221;1&#8243; disabled_on=&#8221;off|off|off&#8221; admin_label=&#8221;Texto introducci\u00f3n&#8221; _builder_version=&#8221;4.27.5&#8243; _module_preset=&#8221;default&#8221; collapsed=&#8221;off&#8221; global_colors_info=&#8221;{}&#8221;][et_pb_row _builder_version=&#8221;4.27.5&#8243; _module_preset=&#8221;default&#8221; custom_margin_tablet=&#8221;&#8221; custom_margin_phone=&#8221;-20px||||false|false&#8221; custom_margin_last_edited=&#8221;on|phone&#8221; custom_padding=&#8221;||0px||false|false&#8221; global_colors_info=&#8221;{}&#8221;][et_pb_column type=&#8221;4_4&#8243; _builder_version=&#8221;4.24.2&#8243; _module_preset=&#8221;default&#8221; global_colors_info=&#8221;{}&#8221;][et_pb_text admin_label=&#8221;Introducci\u00f3n&#8221; _builder_version=&#8221;4.27.5&#8243; _module_preset=&#8221;3846bf54-0eec-4e91-88b3-451507d86309&#8243; header_text_color=&#8221;#000000&#8243; header_2_text_color=&#8221;#000000&#8243; header_2_font_size=&#8221;22px&#8221; header_2_line_height=&#8221;1.4em&#8221; header_3_text_color=&#8221;#E02B20&#8243; custom_padding=&#8221;1px|||||&#8221; global_colors_info=&#8221;{}&#8221;]<\/p>\n<h2>Location: Room 2.A.02. Madrid Campus &#8211; Puerta de Toledo. <\/h2>\n<p>[\/et_pb_text][et_pb_divider color=&#8221;#df4347&#8243; divider_weight=&#8221;1px&#8221; _builder_version=&#8221;4.24.2&#8243; _module_preset=&#8221;default&#8221; width=&#8221;100%&#8221; custom_margin=&#8221;|0px||0px|false|false&#8221; custom_padding=&#8221;|0px||0px|false|false&#8221; global_colors_info=&#8221;{}&#8221;][\/et_pb_divider][\/et_pb_column][\/et_pb_row][\/et_pb_section][et_pb_section fb_built=&#8221;1&#8243; admin_label=&#8221;A qui\u00e9n va dirigido &#8211; Ponenetes &#8211; Programa&#8221; _builder_version=&#8221;4.27.5&#8243; _module_preset=&#8221;default&#8221; module_alignment=&#8221;center&#8221; custom_margin=&#8221;0px||||false|false&#8221; custom_margin_tablet=&#8221;0px||||false|false&#8221; custom_margin_phone=&#8221;-20px||||false|false&#8221; custom_margin_last_edited=&#8221;on|phone&#8221; custom_padding=&#8221;0px||||false|false&#8221; collapsed=&#8221;off&#8221; global_colors_info=&#8221;{}&#8221;][et_pb_row column_structure=&#8221;1_2,1_2&#8243; _builder_version=&#8221;4.24.2&#8243; _module_preset=&#8221;default&#8221; max_width=&#8221;none&#8221; global_colors_info=&#8221;{}&#8221;][et_pb_column type=&#8221;1_2&#8243; _builder_version=&#8221;4.24.2&#8243; _module_preset=&#8221;default&#8221; global_colors_info=&#8221;{}&#8221;][et_pb_text admin_label=&#8221;T\u00edtulo A qui\u00e9n va dirigido&#8221; _builder_version=&#8221;4.27.0&#8243; _module_preset=&#8221;3a8881db-5166-4708-be91-dfd90363dca0&#8243; global_colors_info=&#8221;{}&#8221;]<\/p>\n<h2>Target Audience<\/h2>\n<p>[\/et_pb_text][et_pb_text _builder_version=&#8221;4.27.5&#8243; _module_preset=&#8221;bac8ece3-e969-4d21-a72c-ec40ff0005b1&#8243; text_font=&#8221;||||||||&#8221; global_colors_info=&#8221;{}&#8221;]<\/p>\n<p>International students with B1-B2 level Spanish.<br \/>University students who wish to learn more about Spanish culture while improving and practicing their Spanish.<br \/>International senior students.<br \/>Master&#8217;s students in Spanish as a Foreign Language or related postgraduate programs.<br \/>Students of Hispanic Philology or related degrees.<br \/>Other professionals interested in teaching Spanish as an additional language.<\/p>\n<p>&nbsp;<\/p>\n<p>[\/et_pb_text][et_pb_text admin_label=&#8221;Ponentes&#8221; _builder_version=&#8221;4.27.5&#8243; _module_preset=&#8221;3a8881db-5166-4708-be91-dfd90363dca0&#8243; global_colors_info=&#8221;{}&#8221;]<\/p>\n<h2>Speakers<\/h2>\n<p>[\/et_pb_text][et_pb_text _builder_version=&#8221;4.27.5&#8243; _module_preset=&#8221;bac8ece3-e969-4d21-a72c-ec40ff0005b1&#8243; text_font=&#8221;||||||||&#8221; global_colors_info=&#8221;{}&#8221;]<\/p>\n<p>Directors: Ana Carola Saiegh Dor\u00edn and Soledad Luque Delgado. <a href=\"#Curriculum\">Link to Curriculum.<\/a><br \/>Speakers:<\/p>\n<ol>\n<li><span style=\"font-weight: 400\">Soledad Luque Delgado, UC3M.<\/span><\/li>\n<li><span style=\"font-weight: 400\">Ana Carola Saiegh Dor\u00edn, UC3M.<\/span><\/li>\n<li><span style=\"font-weight: 400\">Eduardo Ju\u00e1rez Valero.<\/span><\/li>\n<li><span style=\"font-weight: 400\">\u00c1ngel Aterido Fern\u00e1ndez.<\/span><\/li>\n<li><span style=\"font-weight: 400\">Sonia P\u00e9rez Castro.<\/span><\/li>\n<li>Rub\u00e9n Coll Hern\u00e1ndez.<\/li>\n<li><span style=\"font-weight: 400\">Jorge Pantoja Blanco.<\/span><\/li>\n<li><span style=\"font-weight: 400\">Rosario Ruiz Franco.<\/span><\/li>\n<\/ol>\n<p>[\/et_pb_text][\/et_pb_column][et_pb_column type=&#8221;1_2&#8243; _builder_version=&#8221;4.24.2&#8243; _module_preset=&#8221;default&#8221; global_colors_info=&#8221;{}&#8221;][et_pb_text admin_label=&#8221;Titulo programa&#8221; _builder_version=&#8221;4.24.2&#8243; _module_preset=&#8221;3a8881db-5166-4708-be91-dfd90363dca0&#8243; custom_padding=&#8221;||||false|false&#8221; global_colors_info=&#8221;{}&#8221;]<\/p>\n<h2>Program<\/h2>\n<p>[\/et_pb_text][et_pb_text _builder_version=&#8221;4.27.5&#8243; _module_preset=&#8221;default&#8221; text_font=&#8221;||||||||&#8221; text_font_size=&#8221;16px&#8221; header_4_font=&#8221;|600|||||||&#8221; header_4_text_color=&#8221;#c547e5&#8243; hover_enabled=&#8221;0&#8243; global_colors_info=&#8221;{}&#8221; sticky_enabled=&#8221;0&#8243;]<\/p>\n<h4>\u200b<\/h4>\n<p><strong>(1st and 2nd week 40 hours)<\/strong><\/p>\n<p><strong>Monday, June 22 <\/strong><br \/>10 AM to 12 PM. Course presentation and launch of the Final Project. Soledad Luque Delgado (1h). Ana Carola Saiegh Dor\u00edn (1h).   <br \/>12 PM to 12:30 PM. Break.<br \/>12:30 PM to 2:30 PM. Geography of Spain and its gastronomy. Soledad Luque Delgado.   <\/p>\n<p><strong>Tuesday, June 23 <\/strong><br \/>10 AM to 12 PM. Guided visit to a Traditional Market. Soledad Luque Delgado.<br \/>12 PM to 12:30 PM. Break.<br \/>12:30 PM to 2:30 PM. Classroom session: History of Spain: from colonialism to postcolonialism. Eduardo Ju\u00e1rez Valero.     <\/p>\n<p><strong>Wednesday, June 24 <\/strong><br \/>10 AM to 12 PM. Guided tour of the Royal Collections Gallery. Eduardo Ju\u00e1rez Valero.<br \/>12 PM to 12:30 PM. Break.<br \/>12:30 PM to 2:30 PM. Classroom session: Art I: Vel\u00e1zquez and Goya. \u00c1ngel Aterido Fern\u00e1ndez.     <\/p>\n<p><strong>Thursday, June 25 <\/strong><br \/>10 AM to 12 PM. Guided tour of the Prado Museum. Ana Carola Saiegh Dor\u00edn (1h). \u00c1ngel Aterido Fern\u00e1ndez (1h).   <br \/>12 PM to 12:30 PM. Break.<br \/>12:30 PM to 2:30 PM. Classroom session: Spanish literature: tradition and avant-garde. Sonia P\u00e9rez Castro.   <\/p>\n<p><strong>Friday, June 26 <\/strong><br \/>10 AM to 12 PM. Guided visit to the Barrio de las Letras and the Lope de Vega House Museum. Sonia P\u00e9rez Castro.<br \/>12 PM to 12:30 PM. Break.<br \/>12:30 PM to 2:30 PM. Classroom session: Final Project (I). Creating a podcast and sound map of Madrid in Spanish. Rub\u00e9n Coll Hern\u00e1ndez.      <\/p>\n<p><strong>Monday, June 29 <\/strong><br \/>10 AM to 12 PM. Pronunciation workshop and varieties of Spanish. Soledad Luque Delgado.<br \/>12 PM to 12:30 PM. Break.<br \/>12:30 PM to 2:30 PM. Spanish cinema and the construction of Spain&#8217;s image. Jorge Pantoja Blanco.     <\/p>\n<p><strong>Tuesday, June 30 <\/strong><br \/>10 AM to 12 PM. Guided tour of the Spanish Film Archive. Jorge Pantoja Blanco.<br \/>12 PM to 12:30 PM. Break.<br \/>12:30 PM to 2:30 PM. History of Spain: from the Second Republic to democracy. Rosario Ruiz Franco.     <\/p>\n<p><strong>Wednesday, July 1 <\/strong><br \/>10 AM to 12 PM. Guided tour of the Lavapi\u00e9s neighborhood. Ana Carola Saiegh Dor\u00edn.<br \/>12 PM to 12:30 PM. Break.<br \/>12:30 PM to 2:30 PM. Classroom session: Art II: Picasso and Dal\u00ed. \u00c1ngel Aterido Fern\u00e1ndez.     <\/p>\n<p><strong>Thursday, July 2 <\/strong><br \/>10 AM to 12 PM. Guided tour of the Reina Sof\u00eda Museum. Ana Carola Saiegh Dor\u00edn (1h). \u00c1ngel Aterido Fern\u00e1ndez (1h).   <br \/>12 PM to 12:30 PM. Break.<br \/>12:30 PM to 2:30 PM. Classroom session: Spain today. Social change, women, migrations. Rosario Ruiz Franco.    <\/p>\n<p><strong>Friday, July 3 <\/strong><br \/>10 AM to 12 PM. Guided visit and meeting at the La Parcer\u00eda cultural center: the new Spaniards. Ana Carola Saiegh Dor\u00edn.<br \/>12 PM to 12:30 PM. Break.<br \/>12:30 PM to 2:30 PM. Classroom session: Final project (II). Creating a podcast and sound map of Madrid in Spanish. Rub\u00e9n Coll Hern\u00e1ndez.      <\/p>\n<p>[\/et_pb_text][\/et_pb_column][\/et_pb_row][et_pb_row _builder_version=&#8221;4.24.2&#8243; _module_preset=&#8221;default&#8221; global_colors_info=&#8221;{}&#8221;][et_pb_column type=&#8221;4_4&#8243; _builder_version=&#8221;4.24.2&#8243; _module_preset=&#8221;default&#8221; global_colors_info=&#8221;{}&#8221;][et_pb_divider _builder_version=&#8221;4.24.2&#8243; _module_preset=&#8221;default&#8221; global_colors_info=&#8221;{}&#8221;][\/et_pb_divider][\/et_pb_column][\/et_pb_row][et_pb_row _builder_version=&#8221;4.24.2&#8243; _module_preset=&#8221;default&#8221; global_colors_info=&#8221;{}&#8221;][et_pb_column type=&#8221;4_4&#8243; _builder_version=&#8221;4.24.2&#8243; _module_preset=&#8221;default&#8221; global_colors_info=&#8221;{}&#8221;][et_pb_text admin_label=&#8221;T\u00edtulo Objetivos y motivaciones&#8221; _builder_version=&#8221;4.24.2&#8243; _module_preset=&#8221;3a8881db-5166-4708-be91-dfd90363dca0&#8243; global_colors_info=&#8221;{}&#8221;]<\/p>\n<h2>Course Objectives and Motivations<\/h2>\n<p>[\/et_pb_text][et_pb_text _builder_version=&#8221;4.27.5&#8243; _module_preset=&#8221;bac8ece3-e969-4d21-a72c-ec40ff0005b1&#8243; text_font=&#8221;|500|||||||&#8221; global_colors_info=&#8221;{}&#8221;]<\/p>\n<p>1. Establish the relationship between Spanish language and culture through art, cinema, and history.<br \/>2. Consolidate intermediate knowledge of Spanish through interaction and communicative tasks.<br \/>3. Acquire cultural knowledge about art, cinema, society, and history of Spain.<br \/>4. Discover cultural sites and iconic locations in Madrid through visits and experiences.<br \/>5. Obtain teaching tools and resources for future Spanish teachers.<br \/>6. Develop a didactic proposal about locations in Madrid using new technologies.<\/p>\n<p>Motivations:<br \/>According to the 2025 Yearbook of the Cervantes Institute, the number of Spanish learners worldwide exceeds 24.5 million. Every Spanish as a Foreign Language learning process is accompanied by a teaching process where both learners and teachers share their interest in advancing competence and use of our language. However, we must not forget that the teaching\/learning process of a language cannot be disconnected from its cultural diversity.<br \/>The course takes into account, therefore, that language and culture are intimately linked, hence progress in the proper use of Spanish will derive from interactions with cultural content, including flipped classroom proposals to achieve this and promoting shared and critical reflection on the course content. Similarly, the necessary balance between classroom and outside activities is essential for the formative and experiential learning of our students.<br \/>Finally, we must highlight the inclusion of some possible uses of technology to enhance communicative competence in Spanish, knowledge of its culture, and respectful enjoyment of one of the world&#8217;s most spoken languages, through a project-based approach, promoting interactive and dynamic learning.   <\/p>\n<p>&nbsp;<\/p>\n<p>[\/et_pb_text][et_pb_text disabled_on=&#8221;on|on|on&#8221; _builder_version=&#8221;4.27.0&#8243; _module_preset=&#8221;bac8ece3-e969-4d21-a72c-ec40ff0005b1&#8243; text_font=&#8221;|500|||||||&#8221; disabled global_colors_info=&#8221;{}&#8221;]<\/p>\n<p>Upon completing the course, students will realize that the most emblematic value of the classical world is not the elitist character of its education nor a particular monumental aesthetic (to cite two typical categories of interpretation throughout the 19th century), but rather the capacity to thematize every human problem, transforming it into a source of personal and collective teaching, fruitful and always enriching. From this experience, capable of converting the intimate drama of existence into a rational theme (thus allowing the birth of philosophy and Attic tragedy), or the difficulties of community life into political reflection, or the imitation of nature into art and technique, emerges that freedom of spirit that permeates all humanisms throughout history and remains one of the priority ideals of the contemporary world. <\/p>\n<p>Furthermore, the classical tradition is much closer to the paradigms of digital culture than one might imagine: if the &#8220;digital humanities&#8221; constitute in a certain way a form of re-imagining traditional humanities, rethinking human development in relation to its history and culture through new possibilities for creating and disseminating knowledge, it is well known that the legacy of Greco-Roman civilization has performed this same task for centuries, updating itself in each era, according to the urgencies of societies that return to study Antiquity, to find in it answers about their own time.<\/p>\n<p>[\/et_pb_text][\/et_pb_column][\/et_pb_row][\/et_pb_section][et_pb_section fb_built=&#8221;1&#8243; admin_label=&#8221;CV&#8221; module_id=&#8221;Curriculum&#8221; _builder_version=&#8221;4.24.2&#8243; _module_preset=&#8221;default&#8221; background_color=&#8221;#000000&#8243; collapsed=&#8221;off&#8221; global_colors_info=&#8221;{}&#8221;][et_pb_row _builder_version=&#8221;4.24.2&#8243; _module_preset=&#8221;default&#8221; global_colors_info=&#8221;{}&#8221;][et_pb_column type=&#8221;4_4&#8243; _builder_version=&#8221;4.24.2&#8243; _module_preset=&#8221;default&#8221; global_colors_info=&#8221;{}&#8221;][et_pb_text admin_label=&#8221;Texto cv&#8221; _builder_version=&#8221;4.27.5&#8243; _module_preset=&#8221;bac8ece3-e969-4d21-a72c-ec40ff0005b1&#8243; text_text_color=&#8221;#FFFFFF&#8221; global_colors_info=&#8221;{}&#8221;]<\/p>\n<p>&nbsp;<\/p>\n<p><strong>CURRICULUM<\/strong><\/p>\n<p><strong>Directors: Ana Carola Saiegh Dor\u00edn and Soledad Luque Delgado<br \/><\/strong><\/p>\n<p><strong>Ana Carola Saiegh Dor\u00edn <\/strong>is Associate Professor at UC3M, Department of Humanities: Philosophy, Language and Literature. Professor at Carlos III International School (teaching in English and Spanish). Professor in the Master&#8217;s Program for Training Teachers of Spanish as a Foreign Language and at the Language Center (Universidad Carlos III Foundation). Professor in International Programs: CIEE, Ortega-Mara\u00f1\u00f3n Foundation, Accent (University of California Education Abroad Program). Trainer of Spanish teachers at the Ortega-Mara\u00f1\u00f3n Foundation and Cervantes Institute. Participant in the R&amp;D&amp;I Project Territories of Memory: Other Cultures, Other Spaces in Latin America, 20th and 21st Centuries, PID 2020-113492RB-I00.<\/p>\n<p><strong>Soledad Luque Delgado <\/strong>is Associate Professor at UC3M, Department of Humanities: Philosophy, Language and Literature. Professor in the Master&#8217;s Program for Training Spanish as a Foreign Language Teachers (UC3M Foundation). Professor and trainer of Spanish as a Foreign Language teachers at other university centers: Ortega-Mara\u00f1\u00f3n Foundation, Middlebury, Duke and Berkeley Universities in Madrid. Volunteers at the Asilim Association (Association for the Linguistic Integration of Immigrants in Madrid). Author of several publications on the teaching of Spanish as a Foreign Language Phonetics. Collaborates as a researcher at the Institute of Gender Studies of Universidad Carlos III de Madrid.     <\/p>\n<p>[\/et_pb_text][\/et_pb_column][\/et_pb_row][\/et_pb_section][et_pb_section fb_built=&#8221;1&#8243; disabled_on=&#8221;on|on|on&#8221; admin_label=&#8221;CV equipo docente&#8221; module_id=&#8221;Curriculum-equipo&#8221; _builder_version=&#8221;4.24.2&#8243; _module_preset=&#8221;default&#8221; background_color=&#8221;rgba(0,0,0,0.65)&#8221; disabled collapsed=&#8221;off&#8221; global_colors_info=&#8221;{}&#8221;][et_pb_row _builder_version=&#8221;4.24.2&#8243; _module_preset=&#8221;default&#8221; global_colors_info=&#8221;{}&#8221;][et_pb_column type=&#8221;4_4&#8243; _builder_version=&#8221;4.24.2&#8243; _module_preset=&#8221;default&#8221; global_colors_info=&#8221;{}&#8221;][et_pb_text admin_label=&#8221;Texto cv&#8221; _builder_version=&#8221;4.27.0&#8243; _module_preset=&#8221;bac8ece3-e969-4d21-a72c-ec40ff0005b1&#8243; text_text_color=&#8221;#FFFFFF&#8221; global_colors_info=&#8221;{}&#8221;]<\/p>\n<p><strong>Teaching Team<\/strong><\/p>\n<p>[\/et_pb_text][et_pb_text disabled_on=&#8221;on|on|on&#8221; admin_label=&#8221;Texto cv&#8221; _builder_version=&#8221;4.27.0&#8243; _module_preset=&#8221;bac8ece3-e969-4d21-a72c-ec40ff0005b1&#8243; text_text_color=&#8221;#FFFFFF&#8221; disabled global_colors_info=&#8221;{}&#8221;]<\/p>\n<p>The teaching team for the course &#8220;The Classical World in the Digital Era: New Challenges&#8221; consists of six people, including the Directors, with equal representation between men and women (3+3). Coming from different but complementary disciplines such as Philology, Law, Archaeology and History, they have all been cooperating for many years, working together on the research lines of the &#8220;Lucio Anneo S\u00e9neca&#8221; Institute of Classical Studies at UC3M. This institute is at the forefront in the Spanish and international sphere in the field of &#8220;digital humanities,&#8221; developing a series of projects for the online publication of databases and digitization of documents related to the classical world and its survival throughout history.   Regarding teaching activity related to the promotion, updating and scientific presentation of various aspects of the classical world, the six course instructors demonstrate a long teaching trajectory, of which the following activities are worth highlighting:<\/p>\n<p>[\/et_pb_text][\/et_pb_column][\/et_pb_row][et_pb_row column_structure=&#8221;1_2,1_2&#8243; disabled_on=&#8221;on|on|on&#8221; _builder_version=&#8221;4.24.2&#8243; _module_preset=&#8221;default&#8221; disabled global_colors_info=&#8221;{}&#8221;][et_pb_column type=&#8221;1_2&#8243; _builder_version=&#8221;4.24.2&#8243; _module_preset=&#8221;default&#8221; global_colors_info=&#8221;{}&#8221;][et_pb_text admin_label=&#8221;Texto cv&#8221; _builder_version=&#8221;4.27.0&#8243; _module_preset=&#8221;bac8ece3-e969-4d21-a72c-ec40ff0005b1&#8243; text_text_color=&#8221;#FFFFFF&#8221; global_colors_info=&#8221;{}&#8221;]<\/p>\n<p><strong>Francisco L. Lisi Bereterbide<\/strong> was for many years coordinator of the Classical Studies area in the Department of Humanities at UC3M and instructor of the undergraduate courses &#8220;Classical Culture&#8221; and &#8220;Transmission of the Classical Legacy&#8221; and the postgraduate course &#8220;The Transmission of the Classical Legacy.&#8221; Founder and first director of the &#8220;Lucio Anneo S\u00e9neca&#8221; Institute of Classical Studies. <\/p>\n<p><strong>Rosa M. Carre\u00f1o<\/strong> S\u00e1nchez has been teaching, in both Spanish and English, the Humanities Course &#8220;Daily Life and Norms in Rome\/Daily life and norms in Rome&#8221; for more than five years. This course is taught at the Getafe and Colmenarejo Campuses and is offered to students of different nationalities and from the most diverse degree programs (Law, Economics, Business Administration, Computer Engineering, etc.).  She has experience in creating digital libraries, having participated in the digitization and publication of the &#8220;Antecessores&#8221; ancient legal collection of the Library of the Universitat de Girona.<\/p>\n<p>[\/et_pb_text][\/et_pb_column][et_pb_column type=&#8221;1_2&#8243; _builder_version=&#8221;4.24.2&#8243; _module_preset=&#8221;default&#8221; global_colors_info=&#8221;{}&#8221;][et_pb_text admin_label=&#8221;Texto cv&#8221; _builder_version=&#8221;4.27.0&#8243; _module_preset=&#8221;bac8ece3-e969-4d21-a72c-ec40ff0005b1&#8243; text_text_color=&#8221;#FFFFFF&#8221; global_colors_info=&#8221;{}&#8221;]<\/p>\n<p> <strong> Ana M. Rodr\u00edguez Gonz\u00e1lez<\/strong> was coordinator of the Conference on Greco-Roman Criminal Law: Crimes and Punishments in Antiquity, organized by the &#8220;Lucio Anneo S\u00e9neca&#8221; Institute of Classical Studies in 2008. Since then and until today, one of the lines of her teaching activity has been dedicated to disseminating how criminal justice was perceived and organized in ancient history. On this topic and others also related to Roman culture, society and law, she has taught numerous Humanities Courses and has published several didactic works intended to explain these subjects through a careful selection of texts. She has also participated in various research projects aimed at analyzing the relationship between Law and religion in the past of Greece and Rome.   <\/p>\n<p><strong>Jes\u00fas Bermejo Tirado<\/strong> is director of the &#8220;Open Digital Archaeology Laboratory,&#8221; to integrate citizens into the process of digitization, analysis and function of the archaeological and documentary heritage of the Community of Madrid; this activity has just been awarded the Yerun Open Science Award. In addition, JBT is coordinator and instructor of the undergraduate course &#8220;Classical Culture&#8221; at the Faculty of HCD and Director of the Department of Humanities: History, Geography and Art.  <\/p>\n<p>[\/et_pb_text][\/et_pb_column][\/et_pb_row][\/et_pb_section]<\/p>\n","protected":false},"excerpt":{"rendered":"<p>Spanish Culture Course in MadridDirectors: Ana Carola Saiegh Dor\u00edn and Soledad Luque Delgado &nbsp;Location: Room 2.A.02. Madrid Campus &#8211; Puerta de Toledo. Target AudienceInternational students with B1-B2 level Spanish.University students who wish to learn more about Spanish culture while improving and practicing their Spanish.International senior students.Master&#8217;s students in Spanish as a Foreign Language or related [&hellip;]<\/p>\n","protected":false},"author":367,"featured_media":0,"parent":0,"menu_order":0,"comment_status":"closed","ping_status":"closed","template":"","meta":{"_et_pb_use_builder":"on","_et_pb_old_content":"","_et_gb_content_width":"","footnotes":""},"class_list":["post-3401","page","type-page","status-publish","hentry"],"_links":{"self":[{"href":"https:\/\/cursosverano.uc3m.es\/en\/wp-json\/wp\/v2\/pages\/3401","targetHints":{"allow":["GET"]}}],"collection":[{"href":"https:\/\/cursosverano.uc3m.es\/en\/wp-json\/wp\/v2\/pages"}],"about":[{"href":"https:\/\/cursosverano.uc3m.es\/en\/wp-json\/wp\/v2\/types\/page"}],"author":[{"embeddable":true,"href":"https:\/\/cursosverano.uc3m.es\/en\/wp-json\/wp\/v2\/users\/367"}],"replies":[{"embeddable":true,"href":"https:\/\/cursosverano.uc3m.es\/en\/wp-json\/wp\/v2\/comments?post=3401"}],"version-history":[{"count":1,"href":"https:\/\/cursosverano.uc3m.es\/en\/wp-json\/wp\/v2\/pages\/3401\/revisions"}],"predecessor-version":[{"id":3402,"href":"https:\/\/cursosverano.uc3m.es\/en\/wp-json\/wp\/v2\/pages\/3401\/revisions\/3402"}],"wp:attachment":[{"href":"https:\/\/cursosverano.uc3m.es\/en\/wp-json\/wp\/v2\/media?parent=3401"}],"curies":[{"name":"wp","href":"https:\/\/api.w.org\/{rel}","templated":true}]}}