{"id":3405,"date":"2026-02-24T13:17:30","date_gmt":"2026-02-24T12:17:30","guid":{"rendered":"https:\/\/cursosverano.uc3m.es\/summer-courses-2026\/parliamentary-monarchy-in-the-21st-century\/"},"modified":"2026-04-09T11:02:55","modified_gmt":"2026-04-09T09:02:55","slug":"parliamentary-monarchy-in-the-21st-century","status":"publish","type":"page","link":"https:\/\/cursosverano.uc3m.es\/en\/summer-courses-2026\/parliamentary-monarchy-in-the-21st-century\/","title":{"rendered":"Parliamentary Monarchy in the 21st Century"},"content":{"rendered":"<p>[et_pb_section fb_built=&#8221;1&#8243; admin_label=&#8221;Header&#8221; _builder_version=&#8221;4.27.5&#8243; _module_preset=&#8221;default&#8221; use_background_color_gradient=&#8221;on&#8221; background_color_gradient_stops=&#8221;rgba(0,0,0,0.3) 0%|rgba(0,0,0,0.3) 100%&#8221; background_color_gradient_overlays_image=&#8221;on&#8221; background_image=&#8221;https:\/\/storage.googleapis.com\/wp-uploads.bucket.wp.uc3m.es\/wp-content\/uploads\/sites\/106\/2026\/03\/11114909\/monarquia-espa_head.jpg&#8221; min_height=&#8221;350px&#8221; collapsed=&#8221;off&#8221; global_colors_info=&#8221;{}&#8221;][et_pb_row _builder_version=&#8221;4.24.2&#8243; _module_preset=&#8221;default&#8221; custom_margin=&#8221;50px||0px||false|false&#8221; global_colors_info=&#8221;{}&#8221;][et_pb_column type=&#8221;4_4&#8243; _builder_version=&#8221;4.22.0&#8243; _module_preset=&#8221;default&#8221; global_colors_info=&#8221;{}&#8221;][et_pb_text _builder_version=&#8221;4.27.5&#8243; _module_preset=&#8221;3846bf54-0eec-4e91-88b3-451507d86309&#8243; header_font=&#8221;Roboto|700||on|||||&#8221; header_text_color=&#8221;#FFFFFF&#8221; header_font_size=&#8221;5vw&#8221; header_2_text_color=&#8221;#FFFFFF&#8221; global_colors_info=&#8221;{}&#8221;]<\/p>\n<h1>Parliamentary Monarchy in the 21st Century<\/h1>\n<p>[\/et_pb_text][\/et_pb_column][\/et_pb_row][et_pb_row column_structure=&#8221;1_2,1_2&#8243; _builder_version=&#8221;4.24.2&#8243; _module_preset=&#8221;default&#8221; custom_margin=&#8221;||||false|false&#8221; global_colors_info=&#8221;{}&#8221;][et_pb_column type=&#8221;1_2&#8243; _builder_version=&#8221;4.24.2&#8243; _module_preset=&#8221;default&#8221; global_colors_info=&#8221;{}&#8221;][et_pb_text admin_label=&#8221;Direcci\u00f3n&#8221; _builder_version=&#8221;4.27.5&#8243; _module_preset=&#8221;bac8ece3-e969-4d21-a72c-ec40ff0005b1&#8243; text_text_color=&#8221;#ffffff&#8221; custom_margin=&#8221;|||0px|false|false&#8221; global_colors_info=&#8221;{}&#8221;]<\/p>\n<p><b>Director: <\/b>Elviro Aranda.<b><br \/><\/b><\/p>\n<p><strong>Secretary:<\/strong> Luc\u00eda Gonz\u00e1lez Baos.<\/p>\n<p>&nbsp;<\/p>\n<p>[\/et_pb_text][\/et_pb_column][et_pb_column type=&#8221;1_2&#8243; _builder_version=&#8221;4.24.2&#8243; _module_preset=&#8221;default&#8221; global_colors_info=&#8221;{}&#8221;][et_pb_button button_url=&#8221;https:\/\/cursosverano.uc3m.es\/informacion-practica\/&#8221; url_new_window=&#8221;on&#8221; button_text=&#8221;Inscripci\u00f3n&#8221; _builder_version=&#8221;4.27.0&#8243; _module_preset=&#8221;5167ee39-985e-484a-8987-6f27c78c5ef5&#8243; button_text_color=&#8221;#424242&#8243; button_bg_color=&#8221;rgba(255,255,255,0.72)&#8221; global_colors_info=&#8221;{}&#8221;][\/et_pb_button][\/et_pb_column][\/et_pb_row][\/et_pb_section][et_pb_section fb_built=&#8221;1&#8243; disabled_on=&#8221;off|off|off&#8221; admin_label=&#8221;Texto introducci\u00f3n&#8221; _builder_version=&#8221;4.27.5&#8243; _module_preset=&#8221;default&#8221; collapsed=&#8221;off&#8221; global_colors_info=&#8221;{}&#8221;][et_pb_row _builder_version=&#8221;4.27.5&#8243; _module_preset=&#8221;default&#8221; hover_enabled=&#8221;0&#8243; global_colors_info=&#8221;{}&#8221; custom_margin=&#8221;||||false|false&#8221; custom_padding=&#8221;0px||0px||false|false&#8221; custom_margin_last_edited=&#8221;on|phone&#8221; sticky_enabled=&#8221;0&#8243; custom_margin_phone=&#8221;0px||||false|false&#8221; custom_margin_tablet=&#8221;||||false|false&#8221;][et_pb_column type=&#8221;4_4&#8243; _builder_version=&#8221;4.24.2&#8243; _module_preset=&#8221;default&#8221; global_colors_info=&#8221;{}&#8221;][et_pb_text admin_label=&#8221;Introducci\u00f3n&#8221; _builder_version=&#8221;4.27.5&#8243; _module_preset=&#8221;3846bf54-0eec-4e91-88b3-451507d86309&#8243; header_text_color=&#8221;#000000&#8243; header_2_text_color=&#8221;#000000&#8243; header_2_font_size=&#8221;22px&#8221; header_2_line_height=&#8221;1.4em&#8221; header_3_text_color=&#8221;#E02B20&#8243; custom_padding=&#8221;1px|||||&#8221; hover_enabled=&#8221;0&#8243; global_colors_info=&#8221;{}&#8221; sticky_enabled=&#8221;0&#8243;]<\/p>\n<h2>Location: Room 1.0.A03*<br \/>(Miguel de Unamuno Building) Colmenarejo Campus. <\/h2>\n<p>*This course takes place at the Colmenarejo Campus from June 29 to July 2. The closing ceremony, featuring Alfonso Guerra as speaker, will be held at the Madrid-Puerta de Toledo Campus on July 3 from 1:30 PM to 2:30 PM in the Auditorium. <\/p>\n<p>[\/et_pb_text][et_pb_divider color=&#8221;#df4347&#8243; divider_weight=&#8221;1px&#8221; _builder_version=&#8221;4.24.2&#8243; _module_preset=&#8221;default&#8221; width=&#8221;100%&#8221; custom_margin=&#8221;|0px||0px|false|false&#8221; custom_padding=&#8221;|0px||0px|false|false&#8221; global_colors_info=&#8221;{}&#8221;][\/et_pb_divider][\/et_pb_column][\/et_pb_row][\/et_pb_section][et_pb_section fb_built=&#8221;1&#8243; admin_label=&#8221;A qui\u00e9n va dirigido &#8211; Ponenetes &#8211; Programa&#8221; _builder_version=&#8221;4.27.5&#8243; _module_preset=&#8221;default&#8221; module_alignment=&#8221;center&#8221; hover_enabled=&#8221;0&#8243; collapsed=&#8221;off&#8221; global_colors_info=&#8221;{}&#8221; custom_margin=&#8221;-20px||||false|false&#8221; custom_margin_last_edited=&#8221;on|phone&#8221; sticky_enabled=&#8221;0&#8243; custom_margin_phone=&#8221;-20px||||false|false&#8221; custom_padding=&#8221;0px||||false|false&#8221; custom_margin_tablet=&#8221;-20px||||false|false&#8221;][et_pb_row column_structure=&#8221;1_2,1_2&#8243; _builder_version=&#8221;4.24.2&#8243; _module_preset=&#8221;default&#8221; max_width=&#8221;none&#8221; global_colors_info=&#8221;{}&#8221;][et_pb_column type=&#8221;1_2&#8243; _builder_version=&#8221;4.24.2&#8243; _module_preset=&#8221;default&#8221; global_colors_info=&#8221;{}&#8221;][et_pb_text admin_label=&#8221;T\u00edtulo A qui\u00e9n va dirigido&#8221; _builder_version=&#8221;4.27.0&#8243; _module_preset=&#8221;3a8881db-5166-4708-be91-dfd90363dca0&#8243; global_colors_info=&#8221;{}&#8221;]<\/p>\n<h2>Target Audience<\/h2>\n<p>[\/et_pb_text][et_pb_text _builder_version=&#8221;4.27.5&#8243; _module_preset=&#8221;bac8ece3-e969-4d21-a72c-ec40ff0005b1&#8243; text_font=&#8221;||||||||&#8221; global_colors_info=&#8221;{}&#8221;]<\/p>\n<p>This course is aimed at a diverse audience, although it may be of particular interest to undergraduate and graduate students whose disciplines converge in Political Science, Law, and History. However, its appeal and openness transcend academic boundaries, generating widespread interest among the general public, making this course suitable for any individual interested in understanding and contributing to informed dialogue. Therefore, the course methodology adapts to diverse learning preferences, integrating theoretical approaches with case studies and vibrant debates with speakers according to the proposed topics. This comprehensive approach ensures that participants, regardless of their academic level or experience, gain deep and contextualized knowledge on a subject that will enable them to be aware of the reality of constitutional institutions. Thus, the social relevance of the course lies in its capacity to address topics that are not only fundamental in the academic sphere but also directly impact citizen understanding and participation.    <\/p>\n<p>&nbsp;<\/p>\n<p>[\/et_pb_text][et_pb_text admin_label=&#8221;Ponentes&#8221; _builder_version=&#8221;4.27.5&#8243; _module_preset=&#8221;3a8881db-5166-4708-be91-dfd90363dca0&#8243; global_colors_info=&#8221;{}&#8221;]<\/p>\n<h2>Speakers<\/h2>\n<p>[\/et_pb_text][et_pb_text _builder_version=&#8221;4.27.5&#8243; _module_preset=&#8221;bac8ece3-e969-4d21-a72c-ec40ff0005b1&#8243; text_font=&#8221;||||||||&#8221; global_colors_info=&#8221;{}&#8221;]<\/p>\n<p>Director: Elviro Aranda. <a href=\"#Curriculum\">Link to CV.<\/a><br \/>Speakers:<\/p>\n<ol>\n<li><span style=\"font-weight: 400\">Elviro Aranda \u00c1lvarez, Professor of Constitutional Law UC3M.<\/span><\/li>\n<li><span style=\"font-weight: 400\">Juan Jos\u00e9 Laborda Mart\u00edn. <\/span><\/li>\n<li><span style=\"font-weight: 400\">Enriqueta Exp\u00f3sito.<\/span><\/li>\n<li><span style=\"font-weight: 400\">Miguel Satr\u00fastegui Gil-Delgado.<\/span><\/li>\n<li><span style=\"font-weight: 400\">Javier Mar\u00eda Tajadura Tejada.<\/span><span style=\"font-weight: 400\"><br \/><\/span><\/li>\n<li><span style=\"font-weight: 400\">Yolanda G\u00f3mez S\u00e1nchez.<\/span><span style=\"font-weight: 400\"><br \/><\/span><\/li>\n<li><span style=\"font-weight: 400\">\u00c1lvaro S\u00e1nchez Mart\u00edn.<\/span><\/li>\n<li><span style=\"font-weight: 400\">Alfonso Guerra.<\/span><\/li>\n<\/ol>\n<p>[\/et_pb_text][\/et_pb_column][et_pb_column type=&#8221;1_2&#8243; _builder_version=&#8221;4.24.2&#8243; _module_preset=&#8221;default&#8221; global_colors_info=&#8221;{}&#8221;][et_pb_text admin_label=&#8221;Titulo programa&#8221; _builder_version=&#8221;4.24.2&#8243; _module_preset=&#8221;3a8881db-5166-4708-be91-dfd90363dca0&#8243; custom_padding=&#8221;||||false|false&#8221; global_colors_info=&#8221;{}&#8221;]<\/p>\n<h2>Program<\/h2>\n<p>[\/et_pb_text][et_pb_text _builder_version=&#8221;4.27.5&#8243; _module_preset=&#8221;default&#8221; text_font=&#8221;||||||||&#8221; text_font_size=&#8221;16px&#8221; header_4_font=&#8221;|600|||||||&#8221; header_4_text_color=&#8221;#c547e5&#8243; global_colors_info=&#8221;{}&#8221;]<\/p>\n<h4>\u200b<\/h4>\n<p>The course takes place Monday through Thursday at the Colmenarejo Campus and the Friday session will be in Madrid.<\/p>\n<p><strong>Monday, June 29<\/strong><br \/>10 AM to 12 PM. Opening by the Director and presentation of topics for debate. Elviro Aranda \u00c1lvarez.<br \/>12 PM to 12:30 PM. Break.<br \/>12:30 PM to 2:30 PM. Parliamentary monarchy in an era without a name. The Honorable Mr. Juan Jos\u00e9 Laborda Mart\u00edn.       <\/p>\n<p><strong>Tuesday, June 30<\/strong><br \/>10 AM to 12 PM. Monarchy and Constitution. Some adjustments to the constitutional text. Enriqueta Exp\u00f3sito.<br \/>12 PM to 12:30 PM. Break.<br \/>12:30 PM to 2:30 PM. The King in the investiture of the President of the Government. Miguel Satr\u00fastegui Gil-Delgado.      <\/p>\n<p><strong>Wednesday, July 1<\/strong><br \/>10 AM to 12 PM. The functions of the King. Javier Mar\u00eda Tajadura Tejada.<br \/>12 PM to 12:30 PM. Break.<br \/>12:30 PM to 2:30 PM. The King as moderating power. Javier Mar\u00eda Tajadura Tejada.     <\/p>\n<p><strong>Thursday, July 2<\/strong><br \/>10 AM to 12 PM. Succession and Regency in the Crown. Yolanda G\u00f3mez S\u00e1nchez.<br \/>12 PM to 12:30 PM. Break.<br \/>12:30 PM to 2:30 PM. Renunciation and Abdication of the Crown. Yolanda G\u00f3mez S\u00e1nchez.     <\/p>\n<p><strong>Friday, July 3<\/strong><br \/>10 AM to 1 PM. Visit to the Royal Collections Gallery in Madrid, Coordinator \u00c1lvaro S\u00e1nchez Mart\u00edn.<br \/>1 PM to 1:30 PM Break.<br \/>1:30 PM to 2:30 PM. Closing ceremony at the Madrid-Puerta de Toledo Campus: Monarchy or Republic. What is the problem? The Honorable Mr. Alfonso Guerra. <\/p>\n<p>[\/et_pb_text][\/et_pb_column][\/et_pb_row][et_pb_row _builder_version=&#8221;4.24.2&#8243; _module_preset=&#8221;default&#8221; global_colors_info=&#8221;{}&#8221;][et_pb_column type=&#8221;4_4&#8243; _builder_version=&#8221;4.24.2&#8243; _module_preset=&#8221;default&#8221; global_colors_info=&#8221;{}&#8221;][et_pb_divider _builder_version=&#8221;4.24.2&#8243; _module_preset=&#8221;default&#8221; global_colors_info=&#8221;{}&#8221;][\/et_pb_divider][\/et_pb_column][\/et_pb_row][et_pb_row _builder_version=&#8221;4.24.2&#8243; _module_preset=&#8221;default&#8221; global_colors_info=&#8221;{}&#8221;][et_pb_column type=&#8221;4_4&#8243; _builder_version=&#8221;4.24.2&#8243; _module_preset=&#8221;default&#8221; global_colors_info=&#8221;{}&#8221;][et_pb_text admin_label=&#8221;T\u00edtulo Objetivos y motivaciones&#8221; _builder_version=&#8221;4.24.2&#8243; _module_preset=&#8221;3a8881db-5166-4708-be91-dfd90363dca0&#8243; global_colors_info=&#8221;{}&#8221;]<\/p>\n<h2>Course Objectives and Motivations<\/h2>\n<p>[\/et_pb_text][et_pb_text _builder_version=&#8221;4.27.5&#8243; _module_preset=&#8221;bac8ece3-e969-4d21-a72c-ec40ff0005b1&#8243; text_font=&#8221;|500|||||||&#8221; global_colors_info=&#8221;{}&#8221;]<\/p>\n<p><span style=\"font-weight: 400\">The 1978 Constitution established the Monarchy as the institution that assumes the Head of State, attributing to the King the status of symbol of its unity, permanence, and continuity. Based on this constitutional configuration, it is the monarch&#8217;s responsibility to exercise functions of arbitration and moderation of the regular functioning of institutions, as well as to hold the highest representation of the State in the sphere of international relations, as provided in Article 56.1 of the Fundamental Law. <\/span><\/p>\n<p><span style=\"font-weight: 400\">These principles define the framework of action for the parliamentary Monarchy, whose duties are developed on the basis of the &#8220;auctoritas&#8221; derived from its position of neutrality and independence with respect to political powers. The experience of Spanish democracy has demonstrated, especially in situations of particular complexity, the relevance of this moderating function of the Head of State. <\/span><\/p>\n<p><span style=\"font-weight: 400\">In a context characterized by growing political tension and by challenges that directly question the Rule of Law, it is particularly appropriate to promote a space for plural and open reflection that allows analysis of the role played by the monarchical institution in the ordinary functioning and preservation of the constitutional system.<\/span><\/p>\n<p>&nbsp;<\/p>\n<p>[\/et_pb_text][et_pb_text disabled_on=&#8221;on|on|on&#8221; _builder_version=&#8221;4.27.0&#8243; _module_preset=&#8221;bac8ece3-e969-4d21-a72c-ec40ff0005b1&#8243; text_font=&#8221;|500|||||||&#8221; disabled global_colors_info=&#8221;{}&#8221;]<\/p>\n<p>Upon completing the course, students will be able to realize that the most emblematic value of the classical world is not the elitist character of its education nor a particular monumental aesthetic (to cite two typical categories of interpretation throughout the 19th century), but rather the capacity to thematize each human problem, transforming it into a source of personal and collective teaching, fruitful and always enriching. From this experience, capable of converting the intimate drama of existence into a rational theme (and thus allowing the birth of philosophy and Attic tragedy), or the difficulties of community life into political reflection, or the imitation of nature into art and technique, emerges that freedom of spirit that permeates all humanisms throughout history and that continues to be one of the priority ideals of the contemporary world. <\/p>\n<p>Furthermore, the classical tradition is much closer to the paradigms of digital culture than one might imagine: if the &#8220;digital humanities&#8221; constitute in a certain way a form of re-imagining the traditional humanities, rethinking the development of the human being in relation to its history and culture through new possibilities for creating and disseminating knowledge, it is well known that the legacy of Greco-Roman civilization has been performing this same task for centuries, updating itself in each era, according to the urgencies of the societies that return to study Antiquity, to find in it answers about their own time.<\/p>\n<p>[\/et_pb_text][\/et_pb_column][\/et_pb_row][\/et_pb_section][et_pb_section fb_built=&#8221;1&#8243; admin_label=&#8221;CV&#8221; module_id=&#8221;Curriculum&#8221; _builder_version=&#8221;4.24.2&#8243; _module_preset=&#8221;default&#8221; background_color=&#8221;#000000&#8243; collapsed=&#8221;off&#8221; global_colors_info=&#8221;{}&#8221;][et_pb_row _builder_version=&#8221;4.24.2&#8243; _module_preset=&#8221;default&#8221; global_colors_info=&#8221;{}&#8221;][et_pb_column type=&#8221;4_4&#8243; _builder_version=&#8221;4.24.2&#8243; _module_preset=&#8221;default&#8221; global_colors_info=&#8221;{}&#8221;][et_pb_text admin_label=&#8221;Texto cv&#8221; _builder_version=&#8221;4.27.5&#8243; _module_preset=&#8221;bac8ece3-e969-4d21-a72c-ec40ff0005b1&#8243; text_text_color=&#8221;#FFFFFF&#8221; global_colors_info=&#8221;{}&#8221;]<\/p>\n<p>&nbsp;<\/p>\n<p><strong>CURRICULUM<\/strong><\/p>\n<p><strong>Director:<\/strong> <b>Elviro Aranda.<\/b><\/p>\n<p><b>Elviro Aranda \u00c1lvarez <\/b>is <b><span style=\"font-weight: 400\">Professor of Constitutional Law (UC3M, 2020). Four research six-year periods. Five teaching merit five-year periods (last recognized 9-30-2015). Vice Dean of Law of the Faculty of Social Sciences and Law UC3M in Colmenarejo (1999-2004) and currently Deputy Vice-Rector for Teaching and Research Staff UC3M and Director of the Institute of Comparative Public Law &#8220;Manuel Garc\u00eda Pelayo&#8221;. Author of 5 monographs, director of another and more than 60 works including articles and collective works. Principal Investigator in 6 competitive publicly funded projects. Participation as researcher in numerous projects, one ALFA project of the European Union. Technical advisory expert in Constitutional, Parliamentary and Electoral Law with three research stays at foreign university centers, I have been for eight years a national Deputy for the constituency of Madrid. During this period of time I have had the opportunity to hold different positions: Vice President of the Constitutional Committee of the Congress of Deputies, Deputy Spokesperson of that same Committee, Deputy Spokesperson of the Labor and Immigration Committee and I was part of other Committees such as Education and Science, Justice and Interior.         <\/span><\/b>Professor of Constitutional Law (UC3M, 2020). Four research six-year periods. Five teaching merit five-year periods (last recognized 9-30-2015). Vice Dean of Law of the Faculty of Social Sciences and Law UC3M in Colmenarejo (1999-2004) and currently Deputy Vice-Rector for Teaching and Research Staff UC3M and Director of the Institute of Comparative Public Law &#8220;Manuel Garc\u00eda Pelayo&#8221;. Author of 5 monographs, director of another and more than 60 works including articles and collective works. Principal Investigator in 6 competitive publicly funded projects. Participation as researcher in numerous projects, one ALFA project of the European Union. Technical advisory expert in Constitutional, Parliamentary and Electoral Law with three research stays at foreign university centers, I have been for eight years a national Deputy for the constituency of Madrid. During this period of time I have had the opportunity to hold different positions: Vice President of the Constitutional Committee of the Congress of Deputies, Deputy Spokesperson of that same Committee, Deputy Spokesperson of the Labor and Immigration Committee and I was part of other Committees such as Education and Science, Justice and Interior.         <\/p>\n<p>[\/et_pb_text][\/et_pb_column][\/et_pb_row][\/et_pb_section][et_pb_section fb_built=&#8221;1&#8243; disabled_on=&#8221;on|on|on&#8221; admin_label=&#8221;CV equipo docente&#8221; module_id=&#8221;Curriculum-equipo&#8221; _builder_version=&#8221;4.24.2&#8243; _module_preset=&#8221;default&#8221; background_color=&#8221;rgba(0,0,0,0.65)&#8221; disabled collapsed=&#8221;off&#8221; global_colors_info=&#8221;{}&#8221;][et_pb_row _builder_version=&#8221;4.24.2&#8243; _module_preset=&#8221;default&#8221; global_colors_info=&#8221;{}&#8221;][et_pb_column type=&#8221;4_4&#8243; _builder_version=&#8221;4.24.2&#8243; _module_preset=&#8221;default&#8221; global_colors_info=&#8221;{}&#8221;][et_pb_text admin_label=&#8221;Texto cv&#8221; _builder_version=&#8221;4.27.0&#8243; _module_preset=&#8221;bac8ece3-e969-4d21-a72c-ec40ff0005b1&#8243; text_text_color=&#8221;#FFFFFF&#8221; global_colors_info=&#8221;{}&#8221;]<\/p>\n<p><strong>Teaching Team<\/strong><\/p>\n<p>[\/et_pb_text][et_pb_text disabled_on=&#8221;on|on|on&#8221; admin_label=&#8221;Texto cv&#8221; _builder_version=&#8221;4.27.0&#8243; _module_preset=&#8221;bac8ece3-e969-4d21-a72c-ec40ff0005b1&#8243; text_text_color=&#8221;#FFFFFF&#8221; disabled global_colors_info=&#8221;{}&#8221;]<\/p>\n<p>The teaching team for the course &#8220;The Classical World in the Digital Era: New Challenges&#8221; consists of six people, including the Directors, with equal representation between men and women (3+3). Coming from different but complementary disciplines such as Philology, Law, Archaeology and History, all of them have been cooperating for many years, working together on the research lines of the Institute of Classical Studies &#8220;Lucio Anneo S\u00e9neca&#8221; at UC3M. This institute is at the forefront in the Spanish and international sphere in the field of &#8220;digital humanities&#8221;, developing a series of projects for the online publication of databases and digitization of documents related to the classical world and its survival throughout history. With respect to teaching activity related to the promotion, updating and scientific presentation of various aspects of the classical world, the six course instructors demonstrate a long teaching trajectory, of which the following activities are worth highlighting:   <\/p>\n<p>[\/et_pb_text][\/et_pb_column][\/et_pb_row][et_pb_row column_structure=&#8221;1_2,1_2&#8243; disabled_on=&#8221;on|on|on&#8221; _builder_version=&#8221;4.24.2&#8243; _module_preset=&#8221;default&#8221; disabled global_colors_info=&#8221;{}&#8221;][et_pb_column type=&#8221;1_2&#8243; _builder_version=&#8221;4.24.2&#8243; _module_preset=&#8221;default&#8221; global_colors_info=&#8221;{}&#8221;][et_pb_text admin_label=&#8221;Texto cv&#8221; _builder_version=&#8221;4.27.0&#8243; _module_preset=&#8221;bac8ece3-e969-4d21-a72c-ec40ff0005b1&#8243; text_text_color=&#8221;#FFFFFF&#8221; global_colors_info=&#8221;{}&#8221;]<\/p>\n<p><strong>Francisco L. Lisi Bereterbide<\/strong> was for many years coordinator of the Classical Studies area in the Department of Humanities at UC3M and instructor of the undergraduate courses &#8220;Classical Culture&#8221; and &#8220;Transmission of the Classical Legacy&#8221; and the graduate course &#8220;The Transmission of the Classical Legacy&#8221;. Founder and first director of the Institute of Classical Studies &#8220;Lucio Anneo S\u00e9neca&#8221;. <\/p>\n<p><strong>Rosa M. Carre\u00f1o<\/strong> S\u00e1nchez has been teaching, both in Spanish and English, the Humanities Course &#8220;Daily Life and Norms in Rome\/Daily life and norms in Rome&#8221; for more than five years. This course is taught at the Getafe and Colmenarejo Campuses and is offered to students of different nationalities and from the most diverse degree programs (Law, Economics, Business Administration, Computer Engineering, etc.). She has experience in creating digital libraries, participated in the digitization and publication of the ancient legal collection &#8220;Antecessores&#8221; of the Library of the Universitat de Girona.  <\/p>\n<p>[\/et_pb_text][\/et_pb_column][et_pb_column type=&#8221;1_2&#8243; _builder_version=&#8221;4.24.2&#8243; _module_preset=&#8221;default&#8221; global_colors_info=&#8221;{}&#8221;][et_pb_text admin_label=&#8221;Texto cv&#8221; _builder_version=&#8221;4.27.0&#8243; _module_preset=&#8221;bac8ece3-e969-4d21-a72c-ec40ff0005b1&#8243; text_text_color=&#8221;#FFFFFF&#8221; global_colors_info=&#8221;{}&#8221;]<\/p>\n<p> <strong>Ana M. Rodr\u00edguez Gonz\u00e1lez<\/strong> was coordinator of the Conference on Greco-Roman Criminal Law: on crimes and punishments in antiquity, organized by the Institute of Classical Studies &#8220;Lucio Anneo S\u00e9neca&#8221; in 2008. Since then and until today, one of the lines of her teaching activity is dedicated to disseminating how criminal justice was perceived and organized in ancient history. On this topic and others also related to Roman culture, society and law, she has taught numerous Humanities Courses and has published several didactic works intended to explain these subjects based on a careful selection of texts. She has also participated in various research projects aimed at analyzing the relationship between Law and religion in the past of Greece and Rome.   <\/p>\n<p><strong>Jes\u00fas Bermejo Tirado<\/strong> is director of the &#8220;Open Digital Archaeology Laboratory&#8221;, to integrate citizens in the process of digitization, analysis and function of the archaeological and documentary heritage of the Community of Madrid; this activity has just been awarded the Yerun Open Science Award. In addition, JBT is coordinator and instructor of the undergraduate course &#8220;Classical Culture&#8221; at the Faculty of HCD and Director of the Department of Humanities: History, Geography and Art.  <\/p>\n<p>[\/et_pb_text][\/et_pb_column][\/et_pb_row][\/et_pb_section]<\/p>\n","protected":false},"excerpt":{"rendered":"<p>Parliamentary Monarchy in the 21st CenturyDirector: Elviro Aranda. Secretary: Luc\u00eda Gonz\u00e1lez Baos. &nbsp;Location: Room 1.0.A03*(Miguel de Unamuno Building) Colmenarejo Campus. *This course takes place at the Colmenarejo Campus from June 29 to July 2. The closing ceremony, featuring Alfonso Guerra as speaker, will be held at the Madrid-Puerta de Toledo Campus on July 3 from [&hellip;]<\/p>\n","protected":false},"author":367,"featured_media":0,"parent":3374,"menu_order":0,"comment_status":"closed","ping_status":"closed","template":"","meta":{"_et_pb_use_builder":"on","_et_pb_old_content":"","_et_gb_content_width":"","footnotes":""},"class_list":["post-3405","page","type-page","status-publish","hentry"],"_links":{"self":[{"href":"https:\/\/cursosverano.uc3m.es\/en\/wp-json\/wp\/v2\/pages\/3405","targetHints":{"allow":["GET"]}}],"collection":[{"href":"https:\/\/cursosverano.uc3m.es\/en\/wp-json\/wp\/v2\/pages"}],"about":[{"href":"https:\/\/cursosverano.uc3m.es\/en\/wp-json\/wp\/v2\/types\/page"}],"author":[{"embeddable":true,"href":"https:\/\/cursosverano.uc3m.es\/en\/wp-json\/wp\/v2\/users\/367"}],"replies":[{"embeddable":true,"href":"https:\/\/cursosverano.uc3m.es\/en\/wp-json\/wp\/v2\/comments?post=3405"}],"version-history":[{"count":1,"href":"https:\/\/cursosverano.uc3m.es\/en\/wp-json\/wp\/v2\/pages\/3405\/revisions"}],"predecessor-version":[{"id":3406,"href":"https:\/\/cursosverano.uc3m.es\/en\/wp-json\/wp\/v2\/pages\/3405\/revisions\/3406"}],"up":[{"embeddable":true,"href":"https:\/\/cursosverano.uc3m.es\/en\/wp-json\/wp\/v2\/pages\/3374"}],"wp:attachment":[{"href":"https:\/\/cursosverano.uc3m.es\/en\/wp-json\/wp\/v2\/media?parent=3405"}],"curies":[{"name":"wp","href":"https:\/\/api.w.org\/{rel}","templated":true}]}}