{"id":3419,"date":"2026-02-20T11:07:55","date_gmt":"2026-02-20T10:07:55","guid":{"rendered":"https:\/\/cursosverano.uc3m.es\/keys-to-understanding-contemporary-spanish-cinema-2026\/"},"modified":"2026-04-09T14:53:06","modified_gmt":"2026-04-09T12:53:06","slug":"keys-to-understanding-contemporary-spanish-cinema-2026","status":"publish","type":"page","link":"https:\/\/cursosverano.uc3m.es\/en\/keys-to-understanding-contemporary-spanish-cinema-2026\/","title":{"rendered":"Keys to Understanding Contemporary Spanish Cinema 2026"},"content":{"rendered":"<p>[et_pb_section fb_built=&#8221;1&#8243; admin_label=&#8221;Header&#8221; _builder_version=&#8221;4.27.5&#8243; _module_preset=&#8221;default&#8221; use_background_color_gradient=&#8221;on&#8221; background_color_gradient_stops=&#8221;rgba(0,0,0,0.3) 0%|rgba(0,0,0,0.3) 100%&#8221; background_color_gradient_overlays_image=&#8221;on&#8221; background_image=&#8221;https:\/\/storage.googleapis.com\/wp-uploads.bucket.wp.uc3m.es\/wp-content\/uploads\/sites\/106\/2026\/03\/10150245\/cine-head.jpg&#8221; min_height=&#8221;350px&#8221; collapsed=&#8221;off&#8221; global_colors_info=&#8221;{}&#8221;][et_pb_row _builder_version=&#8221;4.24.2&#8243; _module_preset=&#8221;default&#8221; custom_margin=&#8221;50px||0px||false|false&#8221; global_colors_info=&#8221;{}&#8221;][et_pb_column type=&#8221;4_4&#8243; _builder_version=&#8221;4.22.0&#8243; _module_preset=&#8221;default&#8221; global_colors_info=&#8221;{}&#8221;][et_pb_text _builder_version=&#8221;4.27.5&#8243; _module_preset=&#8221;3846bf54-0eec-4e91-88b3-451507d86309&#8243; header_font=&#8221;Roboto|700||on|||||&#8221; header_text_color=&#8221;#FFFFFF&#8221; header_font_size=&#8221;5vw&#8221; header_2_text_color=&#8221;#FFFFFF&#8221; global_colors_info=&#8221;{}&#8221;]<\/p>\n<h1>Keys to understanding contemporary Spanish cinema<\/h1>\n<p>[\/et_pb_text][\/et_pb_column][\/et_pb_row][et_pb_row column_structure=&#8221;1_2,1_2&#8243; _builder_version=&#8221;4.24.2&#8243; _module_preset=&#8221;default&#8221; custom_margin=&#8221;||||false|false&#8221; global_colors_info=&#8221;{}&#8221;][et_pb_column type=&#8221;1_2&#8243; _builder_version=&#8221;4.24.2&#8243; _module_preset=&#8221;default&#8221; global_colors_info=&#8221;{}&#8221;][et_pb_text admin_label=&#8221;Direcci\u00f3n&#8221; _builder_version=&#8221;4.27.5&#8243; _module_preset=&#8221;bac8ece3-e969-4d21-a72c-ec40ff0005b1&#8243; text_text_color=&#8221;#ffffff&#8221; custom_margin=&#8221;|||0px|false|false&#8221; global_colors_info=&#8221;{}&#8221;]<\/p>\n<p>Directed by: Juan Carlos Ib\u00e1\u00f1ez and Rub\u00e9n Romero Santos<b><br \/><\/b><b><br \/><\/b><\/p>\n<p>&nbsp;<\/p>\n<p>[\/et_pb_text][\/et_pb_column][et_pb_column type=&#8221;1_2&#8243; _builder_version=&#8221;4.24.2&#8243; _module_preset=&#8221;default&#8221; global_colors_info=&#8221;{}&#8221;][et_pb_button button_url=&#8221;https:\/\/cursosverano.uc3m.es\/informacion-practica\/&#8221; url_new_window=&#8221;on&#8221; button_text=&#8221;Inscripci\u00f3n&#8221; _builder_version=&#8221;4.27.0&#8243; _module_preset=&#8221;5167ee39-985e-484a-8987-6f27c78c5ef5&#8243; button_text_color=&#8221;#424242&#8243; button_bg_color=&#8221;rgba(255,255,255,0.72)&#8221; global_colors_info=&#8221;{}&#8221;][\/et_pb_button][\/et_pb_column][\/et_pb_row][\/et_pb_section][et_pb_section fb_built=&#8221;1&#8243; disabled_on=&#8221;off|off|off&#8221; admin_label=&#8221;Texto introducci\u00f3n&#8221; _builder_version=&#8221;4.27.5&#8243; _module_preset=&#8221;default&#8221; collapsed=&#8221;off&#8221; global_colors_info=&#8221;{}&#8221;][et_pb_row _builder_version=&#8221;4.27.5&#8243; _module_preset=&#8221;default&#8221; hover_enabled=&#8221;0&#8243; global_colors_info=&#8221;{}&#8221; custom_margin=&#8221;||-20px||false|false&#8221; custom_margin_last_edited=&#8221;on|phone&#8221; sticky_enabled=&#8221;0&#8243; custom_margin_phone=&#8221;0px||||false|false&#8221; custom_padding=&#8221;0px||||false|false&#8221; custom_margin_tablet=&#8221;||-20px||false|false&#8221;][et_pb_column type=&#8221;4_4&#8243; _builder_version=&#8221;4.24.2&#8243; _module_preset=&#8221;default&#8221; global_colors_info=&#8221;{}&#8221;][et_pb_text admin_label=&#8221;Introducci\u00f3n&#8221; _builder_version=&#8221;4.27.5&#8243; _module_preset=&#8221;3846bf54-0eec-4e91-88b3-451507d86309&#8243; header_text_color=&#8221;#000000&#8243; header_2_text_color=&#8221;#000000&#8243; header_2_font_size=&#8221;22px&#8221; header_2_line_height=&#8221;1.4em&#8221; header_3_text_color=&#8221;#E02B20&#8243; custom_padding=&#8221;1px|||||&#8221; hover_enabled=&#8221;0&#8243; global_colors_info=&#8221;{}&#8221; sticky_enabled=&#8221;0&#8243;]<\/p>\n<h2>Location: Room 2.A.03. Madrid Campus &#8211; Puerta de Toledo. <\/h2>\n<p>[\/et_pb_text][et_pb_divider color=&#8221;#df4347&#8243; divider_weight=&#8221;1px&#8221; _builder_version=&#8221;4.24.2&#8243; _module_preset=&#8221;default&#8221; width=&#8221;100%&#8221; custom_margin=&#8221;|0px||0px|false|false&#8221; custom_padding=&#8221;|0px||0px|false|false&#8221; global_colors_info=&#8221;{}&#8221;][\/et_pb_divider][\/et_pb_column][\/et_pb_row][\/et_pb_section][et_pb_section fb_built=&#8221;1&#8243; admin_label=&#8221;A qui\u00e9n va dirigido &#8211; Ponenetes &#8211; Programa&#8221; _builder_version=&#8221;4.27.5&#8243; _module_preset=&#8221;default&#8221; module_alignment=&#8221;center&#8221; hover_enabled=&#8221;0&#8243; collapsed=&#8221;off&#8221; global_colors_info=&#8221;{}&#8221; custom_padding=&#8221;0px||||false|false&#8221; custom_margin=&#8221;0px||||false|false&#8221; custom_margin_last_edited=&#8221;on|desktop&#8221; sticky_enabled=&#8221;0&#8243; custom_margin_phone=&#8221;-20px||||false|false&#8221; custom_margin_tablet=&#8221;0px||||false|false&#8221;][et_pb_row column_structure=&#8221;1_2,1_2&#8243; _builder_version=&#8221;4.24.2&#8243; _module_preset=&#8221;default&#8221; max_width=&#8221;none&#8221; global_colors_info=&#8221;{}&#8221;][et_pb_column type=&#8221;1_2&#8243; _builder_version=&#8221;4.24.2&#8243; _module_preset=&#8221;default&#8221; global_colors_info=&#8221;{}&#8221;][et_pb_text admin_label=&#8221;T\u00edtulo A qui\u00e9n va dirigido&#8221; _builder_version=&#8221;4.27.0&#8243; _module_preset=&#8221;3a8881db-5166-4708-be91-dfd90363dca0&#8243; global_colors_info=&#8221;{}&#8221;]<\/p>\n<h2>Target Audience<\/h2>\n<p>[\/et_pb_text][et_pb_text _builder_version=&#8221;4.27.5&#8243; _module_preset=&#8221;bac8ece3-e969-4d21-a72c-ec40ff0005b1&#8243; text_font=&#8221;||||||||&#8221; global_colors_info=&#8221;{}&#8221;]<\/p>\n<p>Target Audience: Undergraduate and postgraduate students of Audiovisual Communication, Humanities, and Journalism; international and senior students; as well as anyone with an interest in cinema and culture in general.<\/p>\n<p>&nbsp;<\/p>\n<p>[\/et_pb_text][et_pb_text admin_label=&#8221;Ponentes&#8221; _builder_version=&#8221;4.27.5&#8243; _module_preset=&#8221;3a8881db-5166-4708-be91-dfd90363dca0&#8243; global_colors_info=&#8221;{}&#8221;]<\/p>\n<h2>Speakers<\/h2>\n<p>[\/et_pb_text][et_pb_text _builder_version=&#8221;4.27.5&#8243; _module_preset=&#8221;bac8ece3-e969-4d21-a72c-ec40ff0005b1&#8243; text_font=&#8221;||||||||&#8221; global_colors_info=&#8221;{}&#8221;]<\/p>\n<p>Directed by: Juan Carlos Ib\u00e1\u00f1ez and Rub\u00e9n Romero Santos. <a href=\"#Curriculum\">Link to CV<\/a><\/p>\n<p>Speakers:<\/p>\n<ol>\n<li>Manuel Palacio, Professor of Audiovisual Communication at UC3M.<\/li>\n<li>Carlos Mara\u00f1\u00f3n, Director of Cineman\u00eda magazine.<\/li>\n<li>Ana Mej\u00f3n, UC3M.<\/li>\n<li>Carmen Ciller, UC3M.<\/li>\n<li>Rub\u00e9n Romero Santos, UC3M.<\/li>\n<li>Sagrario Beceiro (UC3M).<\/li>\n<li>Juan Carlos Ib\u00e1\u00f1ez, UC3M.<\/li>\n<li>Asier Gil V\u00e1zquez, UC3M.<\/li>\n<\/ol>\n<p>[\/et_pb_text][\/et_pb_column][et_pb_column type=&#8221;1_2&#8243; _builder_version=&#8221;4.24.2&#8243; _module_preset=&#8221;default&#8221; global_colors_info=&#8221;{}&#8221;][et_pb_text admin_label=&#8221;Titulo programa&#8221; _builder_version=&#8221;4.27.5&#8243; _module_preset=&#8221;3a8881db-5166-4708-be91-dfd90363dca0&#8243; custom_padding=&#8221;||||false|false&#8221; global_colors_info=&#8221;{}&#8221;]<\/p>\n<h2>Program<\/h2>\n<p>[\/et_pb_text][et_pb_text _builder_version=&#8221;4.27.5&#8243; _module_preset=&#8221;default&#8221; text_font=&#8221;||||||||&#8221; text_font_size=&#8221;16px&#8221; header_4_font=&#8221;|600|||||||&#8221; header_4_text_color=&#8221;#c547e5&#8243; global_colors_info=&#8221;{}&#8221;]<\/p>\n<h4>\u200b<\/h4>\n<p>&nbsp;<\/p>\n<p>Monday, June 22nd: Cinema and its Reception in the Streaming Era<br \/>10:00 AM \u2013 12:00 PM. The Spanish Audience in the 21st Century. Inaugural Lecture by Manuel Palacio, Professor of Audiovisual Communication (UC3M).   <br \/>12:00 PM \u2013 12:30 PM. Break.<br \/>12:30 PM \u2013 2:30 PM. New Cinemas, New Criticism. Carlos Mara\u00f1\u00f3n, Director of Cineman\u00eda magazine.    <\/p>\n<p>Tuesday, June 23rd: Spanish Cinema Facing Technological Challenges<br \/>10:00 AM \u2013 11:00 AM. Age Matters: The Wattpad Cinema Phenomenon. Rub\u00e9n Romero Santos (UC3M).  <br \/>11:00 AM \u2013 12:00 PM. Blink and You\u2019ll Miss It: Artificial Intelligence and VFX in Spanish Cinema\u2014Case Studies (Part I). Ana Mej\u00f3n (UC3M). <br \/>12:00 PM \u2013 12:30 PM. Break.<br \/>12:30 PM \u2013 2:30 PM. Blink and You\u2019ll Miss It: Artificial Intelligence and VFX in Spanish Cinema\u2014Case Studies (Part II). Ana Mej\u00f3n (UC3M).   <\/p>\n<p>Wednesday, June 24th: Critical Reception and Cultural Debate<br \/>10:00 AM \u2013 11:00 AM. The Spanish Film Canon. Rub\u00e9n Romero Santos (UC3M).   <br \/>11:00 AM \u2013 12:00 PM. A New Spanish Cinema? Constructing a Trend Through the Media (Part I). Juan Carlos Ib\u00e1\u00f1ez (UC3M).   <br \/>12:00 PM \u2013 12:30 PM. Break.<br \/>12:30 PM \u2013 2:30 PM. A New Spanish Cinema? Constructing a Trend Through the Media (Part II). Juan Carlos Ib\u00e1\u00f1ez (UC3M).    <\/p>\n<p>Thursday, June 25th: New Perspectives on Spanish Cinema<br \/>10:00 AM \u2013 12:00 PM. Women at the Audiovisual Crossroads. Sagrario Beceiro (UC3M).  <br \/>12:00 PM \u2013 12:30 PM. Break.<br \/>12:30 PM \u2013 2:30 PM. Must-See Spanish Comedies. Carmen Ciller (UC3M).   <\/p>\n<p>Friday, June 26th<br \/>10:00 AM \u2013 12:00 PM. Male Desire and Queer Cinema in 21st-Century Spanish Film (Part I). Asier Gil V\u00e1zquez (UC3M).  <br \/>12:00 PM \u2013 12:30 PM. Break.<br \/>12:30 PM \u2013 1:30 PM. Male Desire and Queer Cinema in 21st-Century Spanish Film (Part II). Asier Gil V\u00e1zquez (UC3M).<br \/>1:30 PM \u2013 2:30 PM. Victims of Their Own Success? Adventures and Misadventures of 21st-Century Spanish Cinema. Final debate, closing remarks, and conclusions. Rub\u00e9n Romero Santos (UC3M).     <\/p>\n<p>[\/et_pb_text][\/et_pb_column][\/et_pb_row][et_pb_row _builder_version=&#8221;4.24.2&#8243; _module_preset=&#8221;default&#8221; global_colors_info=&#8221;{}&#8221;][et_pb_column type=&#8221;4_4&#8243; _builder_version=&#8221;4.24.2&#8243; _module_preset=&#8221;default&#8221; global_colors_info=&#8221;{}&#8221;][et_pb_divider _builder_version=&#8221;4.24.2&#8243; _module_preset=&#8221;default&#8221; global_colors_info=&#8221;{}&#8221;][\/et_pb_divider][\/et_pb_column][\/et_pb_row][et_pb_row _builder_version=&#8221;4.24.2&#8243; _module_preset=&#8221;default&#8221; global_colors_info=&#8221;{}&#8221;][et_pb_column type=&#8221;4_4&#8243; _builder_version=&#8221;4.24.2&#8243; _module_preset=&#8221;default&#8221; global_colors_info=&#8221;{}&#8221;][et_pb_text admin_label=&#8221;T\u00edtulo Objetivos y motivaciones&#8221; _builder_version=&#8221;4.24.2&#8243; _module_preset=&#8221;3a8881db-5166-4708-be91-dfd90363dca0&#8243; global_colors_info=&#8221;{}&#8221;]<\/p>\n<h2>Course Objectives and Motivations<\/h2>\n<p>[\/et_pb_text][et_pb_text _builder_version=&#8221;4.27.5&#8243; _module_preset=&#8221;bac8ece3-e969-4d21-a72c-ec40ff0005b1&#8243; text_font=&#8221;|500|||||||&#8221; global_colors_info=&#8221;{}&#8221;]<\/p>\n<p><span style=\"font-weight: 400\">Spanish cinema is currently experiencing a period of remarkable vitality. Over the last five years, Spanish films have achieved unprecedented recognition at the most prestigious national and international film festivals. Within our borders, the San Sebasti\u00e1n International Film Festival stands out for awarding three consecutive Golden Shells to Spanish productions: O Corno by Jaione Camborda (2023), Tardes de soledad by Albert Serra (2024), and Los domingos by Alauda Ruiz de Az\u00faa (2025). Internationally, the success has been even more significant: Carla Sim\u00f3n\u2019s Alcarr\u00e0s won the Golden Bear at Berlin in 2022, and 2025 marked a milestone with two films competing at Cannes, where \u00d3liver Laxe\u2019s Sirat claimed the festival&#8217;s second most prestigious honor, the Jury Prize.<br \/>While triumphing among critics and tastemakers, Spanish cinema is equally successful at the box office, thanks to the work of directors such as Rodrigo Sorogoyen (As Bestas), Dani de la Orden (Casa en flames), or Javier Calvo and Javier Ambrossi (La llamada). This course analyzes the themes reflected in their work through an interdisciplinary and educational lens, designed to appeal to undergraduate and postgraduate students, as well as anyone interested in general culture.<br \/>The curriculum approaches the subject matter with an innovative and original focus, considering Spanish social conditions alongside industrial circumstances\u2014including synergies with the television industry, streaming platforms, video essays, and digital curation. Within this framework, several sessions specifically highlight the rise of women in key roles throughout the filmmaking process. Furthermore, the faculty maintains gender parity, adhering to the UC3M\u2019s III Equality Plan, and brings together academic specialists in Spanish cinema with seasoned professionals from the film industry.          <\/span><\/p>\n<p>&nbsp;<\/p>\n<p>[\/et_pb_text][et_pb_text disabled_on=&#8221;on|on|on&#8221; _builder_version=&#8221;4.27.0&#8243; _module_preset=&#8221;bac8ece3-e969-4d21-a72c-ec40ff0005b1&#8243; text_font=&#8221;|500|||||||&#8221; disabled global_colors_info=&#8221;{}&#8221;]<\/p>\n<p>Upon completing the course, students will realize that the most emblematic value of the classical world is not the elitist character of its education or a particular monumental aesthetic (to cite two typical categories of the interpretation given throughout the 19th century), but rather the capacity to thematize every human problem, transforming it into a source of personal and collective teaching, fruitful and always enriching. From this experience, capable of converting the intimate drama of existence into a rational theme (thus allowing the birth of philosophy and Attic tragedy), or the difficulties of community life into political reflection, or the imitation of nature into art and technique, emerges that freedom of spirit that permeates all humanisms throughout history and that remains one of the priority ideals of the contemporary world. <\/p>\n<p>Furthermore, the classical tradition is much closer to the paradigms of digital culture than one might imagine: if the &#8220;digital humanities&#8221; constitute in a certain way a form of re-imagining the traditional humanities, rethinking the development of the human being in relation to their history and culture through new possibilities for creating and disseminating knowledge, it is well known that the legacy of Greco-Roman civilization has been performing this same task for centuries, updating itself in each era, according to the urgencies of the societies that return to study Antiquity, to find in it answers about their own time.<\/p>\n<p>[\/et_pb_text][\/et_pb_column][\/et_pb_row][\/et_pb_section][et_pb_section fb_built=&#8221;1&#8243; admin_label=&#8221;CV&#8221; module_id=&#8221;Curriculum&#8221; _builder_version=&#8221;4.24.2&#8243; _module_preset=&#8221;default&#8221; background_color=&#8221;#000000&#8243; collapsed=&#8221;off&#8221; global_colors_info=&#8221;{}&#8221;][et_pb_row _builder_version=&#8221;4.24.2&#8243; _module_preset=&#8221;default&#8221; global_colors_info=&#8221;{}&#8221;][et_pb_column type=&#8221;4_4&#8243; _builder_version=&#8221;4.24.2&#8243; _module_preset=&#8221;default&#8221; global_colors_info=&#8221;{}&#8221;][et_pb_text admin_label=&#8221;Texto cv&#8221; _builder_version=&#8221;4.27.5&#8243; _module_preset=&#8221;bac8ece3-e969-4d21-a72c-ec40ff0005b1&#8243; text_text_color=&#8221;#FFFFFF&#8221; global_colors_info=&#8221;{}&#8221;]<\/p>\n<p>&nbsp;<\/p>\n<p><strong>CURRICULUM<\/strong><\/p>\n<p>Directed by: Juan Carlos Ib\u00e1\u00f1ez and Rub\u00e9n Romero Santos<\/p>\n<p><strong>\u200b<br \/><\/strong><\/p>\n<p>El programa cuenta con la codirecci\u00f3n de <strong>Juan Carlos Ib\u00e1\u00f1ez y Rub\u00e9n Romero<\/strong> Santos. El profesor Ib\u00e1\u00f1ez cuenta con tres sexenios de investigaci\u00f3n y cuatro quinquenios docentes, y es autor de los libros Memoria hist\u00f3rica e identidad en cine y televisi\u00f3n (Comunicaci\u00f3n social, 2010) y Cine y televisi\u00f3n en Espa\u00f1a (S\u00edntesis, 2016). Adem\u00e1s, es el coordinador de la asignatura &#8220;Cine y televisi\u00f3n en Espa\u00f1a&#8221; del grado en Comunicaci\u00f3n Audiovisual de la Universidad Carlos III de Madrid desde hace m\u00e1s de 20 a\u00f1os. Ha ocupado diversos puestos de gesti\u00f3n como el vicedecanato del grado en Comunicaci\u00f3n Audiovisual y la subdirecci\u00f3n del Departamento de Comunicaci\u00f3n (2016-2022). El profesor Romero Santos cuenta con un sexenio de investigaci\u00f3n y es el coordinador de la asignatura &#8220;Cr\u00edtica de Cine&#8221; en los estudios de Comunicaci\u00f3n Audiovisual, tambi\u00e9n en la misma universidad. Es coautor del monogr\u00e1fico Spanish Horror Film and TV in the 21th Century (Routledge, 2023). Ejerce la cr\u00edtica cinematog\u00e1fica desde hace 25 a\u00f1os. En la actualidad, es subdirector del M\u00e1ster en Investigaci\u00f3n aplicada a los Medios de Comunicaci\u00f3n- UC3M.        <\/p>\n<p>[\/et_pb_text][\/et_pb_column][\/et_pb_row][\/et_pb_section][et_pb_section fb_built=&#8221;1&#8243; disabled_on=&#8221;on|on|on&#8221; admin_label=&#8221;CV equipo docente&#8221; module_id=&#8221;Curriculum-equipo&#8221; _builder_version=&#8221;4.24.2&#8243; _module_preset=&#8221;default&#8221; background_color=&#8221;rgba(0,0,0,0.65)&#8221; disabled collapsed=&#8221;off&#8221; global_colors_info=&#8221;{}&#8221;][et_pb_row _builder_version=&#8221;4.24.2&#8243; _module_preset=&#8221;default&#8221; global_colors_info=&#8221;{}&#8221;][et_pb_column type=&#8221;4_4&#8243; _builder_version=&#8221;4.24.2&#8243; _module_preset=&#8221;default&#8221; global_colors_info=&#8221;{}&#8221;][et_pb_text admin_label=&#8221;Texto cv&#8221; _builder_version=&#8221;4.27.0&#8243; _module_preset=&#8221;bac8ece3-e969-4d21-a72c-ec40ff0005b1&#8243; text_text_color=&#8221;#FFFFFF&#8221; global_colors_info=&#8221;{}&#8221;]<\/p>\n<p><strong>Teaching Team<\/strong><\/p>\n<p>[\/et_pb_text][et_pb_text disabled_on=&#8221;on|on|on&#8221; admin_label=&#8221;Texto cv&#8221; _builder_version=&#8221;4.27.0&#8243; _module_preset=&#8221;bac8ece3-e969-4d21-a72c-ec40ff0005b1&#8243; text_text_color=&#8221;#FFFFFF&#8221; disabled global_colors_info=&#8221;{}&#8221;]<\/p>\n<p>The teaching team for the course &#8220;The Classical World in the Digital Era: New Challenges&#8221; consists of six people, including the Directors, with equal representation between men and women (3+3). Coming from different but complementary disciplines such as Philology, Law, Archaeology and History, they have all been cooperating for many years, working together on the research lines of the &#8220;Lucio Anneo S\u00e9neca&#8221; Institute of Classical Studies at UC3M. This institute is at the forefront in the Spanish and international sphere in the field of &#8220;digital humanities,&#8221; developing a series of projects for the online publication of databases and digitization of documents related to the classical world and its survival throughout history.   Regarding teaching activity related to the promotion, updating and scientific presentation of various aspects of the classical world, the six course instructors demonstrate a long teaching trajectory, of which the following activities are worth highlighting:<\/p>\n<p>[\/et_pb_text][\/et_pb_column][\/et_pb_row][et_pb_row column_structure=&#8221;1_2,1_2&#8243; disabled_on=&#8221;on|on|on&#8221; _builder_version=&#8221;4.24.2&#8243; _module_preset=&#8221;default&#8221; disabled global_colors_info=&#8221;{}&#8221;][et_pb_column type=&#8221;1_2&#8243; _builder_version=&#8221;4.24.2&#8243; _module_preset=&#8221;default&#8221; global_colors_info=&#8221;{}&#8221;][et_pb_text admin_label=&#8221;Texto cv&#8221; _builder_version=&#8221;4.27.0&#8243; _module_preset=&#8221;bac8ece3-e969-4d21-a72c-ec40ff0005b1&#8243; text_text_color=&#8221;#FFFFFF&#8221; global_colors_info=&#8221;{}&#8221;]<\/p>\n<p><strong>Francisco L. Lisi Bereterbide<\/strong> was for many years coordinator of the Classical Studies area in the Department of Humanities at UC3M and instructor of the undergraduate courses &#8220;Classical Culture&#8221; and &#8220;Transmission of the Classical Legacy&#8221; and the graduate course &#8220;The Transmission of the Classical Legacy.&#8221; Founder and first director of the &#8220;Lucio Anneo S\u00e9neca&#8221; Institute of Classical Studies. <\/p>\n<p><strong>Rosa M. Carre\u00f1o<\/strong> S\u00e1nchez has been teaching, in both Spanish and English, the Humanities Course &#8220;Daily Life and Norms in Rome\/Daily life and norms in Rome&#8221; for more than five years. This course is taught at the Getafe and Colmenarejo Campuses and is offered to students of different nationalities and from the most diverse degree programs (Law, Economics, Business Administration, Computer Engineering, etc.).  She has experience in creating digital libraries, having participated in the digitization and publication of the &#8220;Antecessores&#8221; ancient legal collection of the Library of the Universitat de Girona.<\/p>\n<p>[\/et_pb_text][\/et_pb_column][et_pb_column type=&#8221;1_2&#8243; _builder_version=&#8221;4.24.2&#8243; _module_preset=&#8221;default&#8221; global_colors_info=&#8221;{}&#8221;][et_pb_text admin_label=&#8221;Texto cv&#8221; _builder_version=&#8221;4.27.0&#8243; _module_preset=&#8221;bac8ece3-e969-4d21-a72c-ec40ff0005b1&#8243; text_text_color=&#8221;#FFFFFF&#8221; global_colors_info=&#8221;{}&#8221;]<\/p>\n<p> <strong>Ana M. Rodr\u00edguez Gonz\u00e1lez<\/strong> was coordinator of the Conference on Greco-Roman Criminal Law: Crimes and Punishments in Antiquity, organized by the &#8220;Lucio Anneo S\u00e9neca&#8221; Institute of Classical Studies as early as 2008. Since then and to this day, one of the lines of her teaching activity has been dedicated to disseminating how criminal justice was perceived and organized in ancient history. On this topic and others also related to Roman culture, society, and law, she has taught numerous Humanities Courses and has published several didactic works designed to explain these subjects through a careful selection of texts. She has also participated in various research projects aimed at analyzing the relationship between Law and religion in the past of Greece and Rome.   <\/p>\n<p><strong>Jes\u00fas Bermejo Tirado<\/strong> is director of the &#8220;Open Digital Archaeology Laboratory,&#8221; to integrate citizens into the process of digitization, analysis, and function of the archaeological and documentary heritage of the Community of Madrid; this activity has just been awarded the Yerun Open Science Award. In addition, JBT is coordinator and instructor of the undergraduate course &#8220;Classical Culture&#8221; at the Faculty of HCD and Director of the Department of Humanities: History, Geography, and Art.  <\/p>\n<p>[\/et_pb_text][\/et_pb_column][\/et_pb_row][\/et_pb_section]<\/p>\n","protected":false},"excerpt":{"rendered":"<p>Keys to understanding contemporary Spanish cinemaDirected by: Juan Carlos Ib\u00e1\u00f1ez and Rub\u00e9n Romero Santos &nbsp;Location: Room 2.A.03. Madrid Campus &#8211; Puerta de Toledo. Target AudienceTarget Audience: Undergraduate and postgraduate students of Audiovisual Communication, Humanities, and Journalism; international and senior students; as well as anyone with an interest in cinema and culture in general. &nbsp;SpeakersDirected by: [&hellip;]<\/p>\n","protected":false},"author":367,"featured_media":0,"parent":0,"menu_order":0,"comment_status":"closed","ping_status":"closed","template":"","meta":{"_et_pb_use_builder":"on","_et_pb_old_content":"","_et_gb_content_width":"","footnotes":""},"class_list":["post-3419","page","type-page","status-publish","hentry"],"_links":{"self":[{"href":"https:\/\/cursosverano.uc3m.es\/en\/wp-json\/wp\/v2\/pages\/3419","targetHints":{"allow":["GET"]}}],"collection":[{"href":"https:\/\/cursosverano.uc3m.es\/en\/wp-json\/wp\/v2\/pages"}],"about":[{"href":"https:\/\/cursosverano.uc3m.es\/en\/wp-json\/wp\/v2\/types\/page"}],"author":[{"embeddable":true,"href":"https:\/\/cursosverano.uc3m.es\/en\/wp-json\/wp\/v2\/users\/367"}],"replies":[{"embeddable":true,"href":"https:\/\/cursosverano.uc3m.es\/en\/wp-json\/wp\/v2\/comments?post=3419"}],"version-history":[{"count":2,"href":"https:\/\/cursosverano.uc3m.es\/en\/wp-json\/wp\/v2\/pages\/3419\/revisions"}],"predecessor-version":[{"id":3422,"href":"https:\/\/cursosverano.uc3m.es\/en\/wp-json\/wp\/v2\/pages\/3419\/revisions\/3422"}],"wp:attachment":[{"href":"https:\/\/cursosverano.uc3m.es\/en\/wp-json\/wp\/v2\/media?parent=3419"}],"curies":[{"name":"wp","href":"https:\/\/api.w.org\/{rel}","templated":true}]}}