{"id":3426,"date":"2026-02-20T10:47:58","date_gmt":"2026-02-20T09:47:58","guid":{"rendered":"https:\/\/cursosverano.uc3m.es\/democratic-memory-of-women-in-spain\/"},"modified":"2026-04-09T14:52:59","modified_gmt":"2026-04-09T12:52:59","slug":"democratic-memory-of-women-in-spain","status":"publish","type":"page","link":"https:\/\/cursosverano.uc3m.es\/en\/democratic-memory-of-women-in-spain\/","title":{"rendered":"Democratic Memory of Women in Spain"},"content":{"rendered":"<p>[et_pb_section fb_built=&#8221;1&#8243; admin_label=&#8221;Header&#8221; _builder_version=&#8221;4.27.6&#8243; _module_preset=&#8221;default&#8221; use_background_color_gradient=&#8221;on&#8221; background_color_gradient_stops=&#8221;rgba(0,0,0,0.3) 0%|rgba(0,0,0,0.3) 100%&#8221; background_color_gradient_overlays_image=&#8221;on&#8221; background_image=&#8221;https:\/\/storage.googleapis.com\/wp-uploads.bucket.wp.uc3m.es\/wp-content\/uploads\/sites\/106\/2026\/03\/26112815\/Mem-Demo_head-1.jpg&#8221; min_height=&#8221;350px&#8221; hover_enabled=&#8221;0&#8243; collapsed=&#8221;off&#8221; global_colors_info=&#8221;{}&#8221; alt=&#8221;Militia women, Civil War&#8221; title_text=&#8221;Mem-Demo_head-movil&#8221; sticky_enabled=&#8221;0&#8243; background_last_edited=&#8221;on|phone&#8221; background_image_phone=&#8221;https:\/\/storage.googleapis.com\/wp-uploads.bucket.wp.uc3m.es\/wp-content\/uploads\/sites\/106\/2026\/03\/26112708\/Mem-Demo_head-movil.jpg&#8221; background_enable_image_phone=&#8221;on&#8221;][et_pb_row _builder_version=&#8221;4.24.2&#8243; _module_preset=&#8221;default&#8221; custom_margin=&#8221;50px||0px||false|false&#8221; global_colors_info=&#8221;{}&#8221;][et_pb_column type=&#8221;4_4&#8243; _builder_version=&#8221;4.22.0&#8243; _module_preset=&#8221;default&#8221; global_colors_info=&#8221;{}&#8221;][et_pb_text _builder_version=&#8221;4.27.5&#8243; _module_preset=&#8221;3846bf54-0eec-4e91-88b3-451507d86309&#8243; header_font=&#8221;Roboto|700||on|||||&#8221; header_text_color=&#8221;#FFFFFF&#8221; header_font_size=&#8221;5vw&#8221; header_2_text_color=&#8221;#FFFFFF&#8221; global_colors_info=&#8221;{}&#8221;]<\/p>\n<h1>Democratic Memory of Women in Spain<\/h1>\n<p>[\/et_pb_text][\/et_pb_column][\/et_pb_row][et_pb_row column_structure=&#8221;1_2,1_2&#8243; _builder_version=&#8221;4.24.2&#8243; _module_preset=&#8221;default&#8221; custom_margin=&#8221;||||false|false&#8221; global_colors_info=&#8221;{}&#8221;][et_pb_column type=&#8221;1_2&#8243; _builder_version=&#8221;4.24.2&#8243; _module_preset=&#8221;default&#8221; global_colors_info=&#8221;{}&#8221;][et_pb_text admin_label=&#8221;Direcci\u00f3n&#8221; _builder_version=&#8221;4.27.5&#8243; _module_preset=&#8221;bac8ece3-e969-4d21-a72c-ec40ff0005b1&#8243; text_text_color=&#8221;#ffffff&#8221; custom_margin=&#8221;|||0px|false|false&#8221; global_colors_info=&#8221;{}&#8221;]<\/p>\n<p><b>Direction: <\/b>Rosa San Segundo<b><br \/><\/b><\/p>\n<p><b>Codirection: <\/b>Matilde Eiroa<\/p>\n<p>&nbsp;<\/p>\n<p>[\/et_pb_text][\/et_pb_column][et_pb_column type=&#8221;1_2&#8243; _builder_version=&#8221;4.24.2&#8243; _module_preset=&#8221;default&#8221; global_colors_info=&#8221;{}&#8221;][et_pb_button button_url=&#8221;https:\/\/cursosverano.uc3m.es\/informacion-practica\/&#8221; url_new_window=&#8221;on&#8221; button_text=&#8221;Inscripci\u00f3n&#8221; _builder_version=&#8221;4.27.5&#8243; _module_preset=&#8221;5167ee39-985e-484a-8987-6f27c78c5ef5&#8243; button_text_color=&#8221;#424242&#8243; button_bg_color=&#8221;rgba(255,255,255,0.72)&#8221; global_colors_info=&#8221;{}&#8221;][\/et_pb_button][\/et_pb_column][\/et_pb_row][\/et_pb_section][et_pb_section fb_built=&#8221;1&#8243; disabled_on=&#8221;off|off|off&#8221; admin_label=&#8221;Texto introducci\u00f3n&#8221; _builder_version=&#8221;4.27.5&#8243; _module_preset=&#8221;default&#8221; collapsed=&#8221;off&#8221; global_colors_info=&#8221;{}&#8221;][et_pb_row _builder_version=&#8221;4.27.5&#8243; _module_preset=&#8221;default&#8221; custom_margin=&#8221;||-20px||false|false&#8221; custom_margin_tablet=&#8221;||-20px||false|false&#8221; custom_margin_phone=&#8221;0px||||false|false&#8221; custom_margin_last_edited=&#8221;on|phone&#8221; custom_padding=&#8221;0px||0px||false|false&#8221; global_colors_info=&#8221;{}&#8221;][et_pb_column type=&#8221;4_4&#8243; _builder_version=&#8221;4.24.2&#8243; _module_preset=&#8221;default&#8221; global_colors_info=&#8221;{}&#8221;][et_pb_text admin_label=&#8221;Introducci\u00f3n&#8221; _builder_version=&#8221;4.27.5&#8243; _module_preset=&#8221;3846bf54-0eec-4e91-88b3-451507d86309&#8243; header_text_color=&#8221;#000000&#8243; header_2_text_color=&#8221;#000000&#8243; header_2_font_size=&#8221;22px&#8221; header_2_line_height=&#8221;1.4em&#8221; header_3_text_color=&#8221;#E02B20&#8243; custom_padding=&#8221;1px|||||&#8221; global_colors_info=&#8221;{}&#8221;]<\/p>\n<h2>Location: Aula 2.A.04. Campus Madrid &#8211; Puerta de Toledo.  <\/h2>\n<p>[\/et_pb_text][et_pb_divider color=&#8221;#df4347&#8243; divider_weight=&#8221;1px&#8221; _builder_version=&#8221;4.27.5&#8243; _module_preset=&#8221;default&#8221; width=&#8221;100%&#8221; custom_margin=&#8221;|0px||0px|false|false&#8221; custom_padding=&#8221;|0px||0px|false|false&#8221; global_colors_info=&#8221;{}&#8221;][\/et_pb_divider][\/et_pb_column][\/et_pb_row][\/et_pb_section][et_pb_section fb_built=&#8221;1&#8243; admin_label=&#8221;A qui\u00e9n va dirigido &#8211; Ponenetes &#8211; Programa&#8221; _builder_version=&#8221;4.27.5&#8243; _module_preset=&#8221;default&#8221; module_alignment=&#8221;center&#8221; custom_margin=&#8221;0px||||false|false&#8221; custom_margin_tablet=&#8221;0px||||false|false&#8221; custom_margin_phone=&#8221;0px||||false|false&#8221; custom_margin_last_edited=&#8221;on|phone&#8221; custom_padding=&#8221;0px||||false|false&#8221; collapsed=&#8221;off&#8221; global_colors_info=&#8221;{}&#8221;][et_pb_row column_structure=&#8221;1_2,1_2&#8243; _builder_version=&#8221;4.24.2&#8243; _module_preset=&#8221;default&#8221; max_width=&#8221;none&#8221; global_colors_info=&#8221;{}&#8221;][et_pb_column type=&#8221;1_2&#8243; _builder_version=&#8221;4.24.2&#8243; _module_preset=&#8221;default&#8221; global_colors_info=&#8221;{}&#8221;][et_pb_text admin_label=&#8221;T\u00edtulo A qui\u00e9n va dirigido&#8221; _builder_version=&#8221;4.27.0&#8243; _module_preset=&#8221;3a8881db-5166-4708-be91-dfd90363dca0&#8243; global_colors_info=&#8221;{}&#8221;]<\/p>\n<h2>Target Audience<\/h2>\n<p>[\/et_pb_text][et_pb_text _builder_version=&#8221;4.27.5&#8243; _module_preset=&#8221;bac8ece3-e969-4d21-a72c-ec40ff0005b1&#8243; text_font=&#8221;||||||||&#8221; global_colors_info=&#8221;{}&#8221;]<\/p>\n<p>Undergraduate, Postgraduate, and International students, and Senior University participants.<\/p>\n<p>&nbsp;<\/p>\n<p>[\/et_pb_text][et_pb_text admin_label=&#8221;Ponentes&#8221; _builder_version=&#8221;4.27.5&#8243; _module_preset=&#8221;3a8881db-5166-4708-be91-dfd90363dca0&#8243; global_colors_info=&#8221;{}&#8221;]<\/p>\n<h2>Speakers<\/h2>\n<p>[\/et_pb_text][et_pb_text _builder_version=&#8221;4.27.6&#8243; _module_preset=&#8221;bac8ece3-e969-4d21-a72c-ec40ff0005b1&#8243; text_font=&#8221;||||||||&#8221; global_colors_info=&#8221;{}&#8221;]<\/p>\n<p>Direction: Rosa San Segundo. Co-director: Matilde Eiroa. <a href=\"#Curriculum\">Link to CV<\/a>. Speakers: <\/p>\n<ol>\n<li><span style=\"font-weight: 400\">Matilde Eiroa. Acad\u00e9mica Senior, UC3M. <\/span><\/li>\n<li><span style=\"font-weight: 400\">Encarnaci\u00f3n Barranquero, Universidad de M\u00e1laga.<\/span><\/li>\n<li>Pilar Dom\u00ednguez Prats, Universidad de Las Palmas de Gran Canaria.<\/li>\n<li>Rosa San Segundo, UC3M<\/li>\n<li><span style=\"font-weight: 400\">Rub\u00e9n Bur\u00e9n, Professor, writer, and Researcher at the University of Design, Innovation, and Technology (UDIT).<\/span><\/li>\n<li><span style=\"font-weight: 400\">Manuela Aroca, Fundaci\u00f3n Pablo Iglesias.<\/span><\/li>\n<li><span style=\"font-weight: 400\">Francisco Etxeberria Gabilondo, Advisor to the Secretariat of State for Democratic Memory.<\/span><\/li>\n<li>Elena S\u00e1nchez Galindo, City Councilor for Youth and Democratic Memory of the Getafe City Council.<\/li>\n<\/ol>\n<p>[\/et_pb_text][\/et_pb_column][et_pb_column type=&#8221;1_2&#8243; _builder_version=&#8221;4.24.2&#8243; _module_preset=&#8221;default&#8221; global_colors_info=&#8221;{}&#8221;][et_pb_text admin_label=&#8221;Titulo programa&#8221; _builder_version=&#8221;4.24.2&#8243; _module_preset=&#8221;3a8881db-5166-4708-be91-dfd90363dca0&#8243; custom_padding=&#8221;||||false|false&#8221; global_colors_info=&#8221;{}&#8221;]<\/p>\n<h2>Program<\/h2>\n<p>[\/et_pb_text][et_pb_text _builder_version=&#8221;4.27.6&#8243; _module_preset=&#8221;default&#8221; text_font=&#8221;||||||||&#8221; text_font_size=&#8221;16px&#8221; header_4_font=&#8221;|600|||||||&#8221; header_4_text_color=&#8221;#c547e5&#8243; global_colors_info=&#8221;{}&#8221;]<\/p>\n<h4>\u200b<\/h4>\n<p>Monday, June 22<br \/>10:00 AM to 12:00 PM. Opening and introduction to the course by the directors.<br \/>Women always present: protagonists and subordinates, Matilde Eiroa. Senior Academic, UC3M.<br \/>12:00 PM to 12:30 PM. Break.<br \/>12:30 PM to 2:30 PM. Imprisoned, executed, and buried in mass graves, Encarnaci\u00f3n Barranquero, University of M\u00e1laga.    <\/p>\n<p>Tuesday, June 23<br \/>10:00 AM to 12:00 PM. Women in trade unions and the labor movement. Manuela Aroca, Largo Caballero Foundation.<br \/>12:00 PM to 12:30 PM. Break.<br \/>12:30 PM to 2:30 PM. Documentation for the study of the memory and history of women. Rosa San Segundo, UC3M.     <\/p>\n<p>Wednesday, June 24<br \/>10:00 AM to 12:00 PM. Women in anti-Francoist guerrillas: from liaisons to resource providers. Speaker: Rub\u00e9n Bur\u00e9n, Professor, writer, and Researcher at the University of Design, Innovation, and Technology (UDIT).  <br \/>De 12 a 12:30h. Break.<br \/>De 12:30 a 14.30h. 12:30 a 14:30 h. Screening of the film \u201cMaquis\u201d, a tribute to our grandmothers. Presented by: Rub\u00e9n Bur\u00e9n, film director.   <\/p>\n<p>Thursday, June 25<br \/>10:00 AM to 12:00 PM. Exiled women: Mexico and France as primary destinations. Survival and adaptation. Pilar Dom\u00ednguez Prats, University of Las Palmas de Gran Canaria.<br \/>12:00 PM to 12:30 PM. Break.<br \/>12:30 PM to 1:30 PM. Donors of Memory: testimonies of women fighting for democracy. Presented by: Matilde Eiroa.<br \/>1:30 PM to 2:30 PM. Short films on Women and Democratic Memory. Presented by: Rosa San Segundo.        <\/p>\n<p>Friday, June 26<br \/>10:00 AM to 12:00 PM. Round Table: Women&#8217;s Memory in the actions of the Secretariat of State for Democratic Memory and the Getafe City Council. Francisco Etxeberria Gabilondo, Advisor to the Secretariat of State for Democratic Memory, and Elena S\u00e1nchez Galindo, City Councilor for Youth and Democratic Memory of the Getafe City Council. Presented by: Rosa San Segundo.<br \/>12:00 PM to 12:30 PM. Break.<br \/>12:30 PM to 2:00 PM. Screening of the film Las cartas perdidas (The Lost Letters). Presented by: Matilde Eiroa.       <\/p>\n<p>[\/et_pb_text][\/et_pb_column][\/et_pb_row][et_pb_row _builder_version=&#8221;4.24.2&#8243; _module_preset=&#8221;default&#8221; global_colors_info=&#8221;{}&#8221;][et_pb_column type=&#8221;4_4&#8243; _builder_version=&#8221;4.24.2&#8243; _module_preset=&#8221;default&#8221; global_colors_info=&#8221;{}&#8221;][et_pb_divider _builder_version=&#8221;4.24.2&#8243; _module_preset=&#8221;default&#8221; global_colors_info=&#8221;{}&#8221;][\/et_pb_divider][\/et_pb_column][\/et_pb_row][et_pb_row _builder_version=&#8221;4.24.2&#8243; _module_preset=&#8221;default&#8221; global_colors_info=&#8221;{}&#8221;][et_pb_column type=&#8221;4_4&#8243; _builder_version=&#8221;4.24.2&#8243; _module_preset=&#8221;default&#8221; global_colors_info=&#8221;{}&#8221;][et_pb_text admin_label=&#8221;T\u00edtulo Objetivos y motivaciones&#8221; _builder_version=&#8221;4.24.2&#8243; _module_preset=&#8221;3a8881db-5166-4708-be91-dfd90363dca0&#8243; global_colors_info=&#8221;{}&#8221;]<\/p>\n<h2>Course Objectives and Motivations<\/h2>\n<p>[\/et_pb_text][et_pb_text _builder_version=&#8221;4.27.5&#8243; _module_preset=&#8221;bac8ece3-e969-4d21-a72c-ec40ff0005b1&#8243; text_font=&#8221;|500|||||||&#8221; global_colors_info=&#8221;{}&#8221;]<\/p>\n<p>This course aims to promote the duty of memory as enshrined in international law and human rights, focusing on education regarding truth, justice, reparation, and guarantees of non-repetition. It is set within the framework of recovering the memory and history of women who lived through the Second Republic, the Civil War, and the Francoist regime, and who fought for democratic values.<br \/>In line with this effort to disseminate our past, the course addresses aspects such as repressed and imprisoned women, those executed by firing squads, those disappeared and buried in mass graves, exiles, post-war survival strategies, and female guerrilla fighters. Although the quantitative scale of persecution against them was lower than that of their male counterparts, women were targets of gender-specific violence. It is crucial to understand the underlying ideology and the techniques applied to dismantle the opposition and the rights acquired during the Republican era.<br \/>Equally, the course proposes to spread knowledge about those women who overcame labor, educational, and ideological barriers from the 1950s onwards. This includes students, workers, and those belonging to neighborhood, associative, and feminist movements who\u2014using skills learned after years of obstacles to their personal and professional development\u2014opened doors that led to the beginning of a democratic process after Franco&#8217;s death.    <\/p>\n<p>&nbsp;<\/p>\n<p>[\/et_pb_text][et_pb_text disabled_on=&#8221;on|on|on&#8221; _builder_version=&#8221;4.27.0&#8243; _module_preset=&#8221;bac8ece3-e969-4d21-a72c-ec40ff0005b1&#8243; text_font=&#8221;|500|||||||&#8221; disabled global_colors_info=&#8221;{}&#8221;]<\/p>\n<p>Upon completing the course, students will realize that the most emblematic value of the classical world is not the elitist character of its education or a particular monumental aesthetic (to cite two typical categories of the interpretation given throughout the 19th century), but rather the capacity to thematize every human problem, transforming it into a source of personal and collective teaching, fruitful and always enriching. From this experience, capable of converting the intimate drama of existence into a rational theme (thus allowing the birth of philosophy and Attic tragedy), or the difficulties of community life into political reflection, or the imitation of nature into art and technique, emerges that freedom of spirit that permeates all humanisms throughout history and that remains one of the priority ideals of the contemporary world. <\/p>\n<p>Furthermore, the classical tradition is much closer to the paradigms of digital culture than one might imagine: if the &#8220;digital humanities&#8221; constitute in a certain way a form of re-imagining the traditional humanities, rethinking the development of the human being in relation to their history and culture through new possibilities for creating and disseminating knowledge, it is well known that the legacy of Greco-Roman civilization has been performing this same task for centuries, updating itself in each era, according to the urgencies of the societies that return to study Antiquity, to find in it answers about their own time.<\/p>\n<p>[\/et_pb_text][\/et_pb_column][\/et_pb_row][\/et_pb_section][et_pb_section fb_built=&#8221;1&#8243; admin_label=&#8221;CV&#8221; module_id=&#8221;Curriculum&#8221; _builder_version=&#8221;4.24.2&#8243; _module_preset=&#8221;default&#8221; background_color=&#8221;#000000&#8243; collapsed=&#8221;off&#8221; global_colors_info=&#8221;{}&#8221;][et_pb_row _builder_version=&#8221;4.24.2&#8243; _module_preset=&#8221;default&#8221; global_colors_info=&#8221;{}&#8221;][et_pb_column type=&#8221;4_4&#8243; _builder_version=&#8221;4.24.2&#8243; _module_preset=&#8221;default&#8221; global_colors_info=&#8221;{}&#8221;][et_pb_text admin_label=&#8221;Texto cv&#8221; _builder_version=&#8221;4.27.5&#8243; _module_preset=&#8221;bac8ece3-e969-4d21-a72c-ec40ff0005b1&#8243; text_text_color=&#8221;#FFFFFF&#8221; global_colors_info=&#8221;{}&#8221;]<\/p>\n<p>&nbsp;<\/p>\n<p><strong>CURRICULUM<\/strong><\/p>\n<p><strong>Direction: Rosa San Segundo. Codirecci\u00f3n: Matilde Eiroa<br \/>\u200b <br \/><\/strong><\/p>\n<p>Rosa San Segundo is a Professor at the Carlos III University of Madrid (UC3M) in Information and Documentation, specializing in Classification Systems, Knowledge Organization, Gender Perspective in Science, Equality, and Women&#8217;s Democratic Memory. She has served as the Director of the Department of Library and Information Science and the Institute of Gender Studies at UC3M. Additionally, she has been the President of the Iberian Chapter of ISKO (International Society for Knowledge Organization) and an evaluator for the National Agency for Quality Assessment and Accreditation (ANECA). She is currently the President of the University Platform for Feminist and Gender Studies (EUFEM).<\/p>\n<p>&nbsp;<\/p>\n<p><b>Matilde Eiroa San Francisco <\/b>is <span style=\"font-weight: 400\">Senior Academic at the Carlos III University of Madrid, specializing in the period of the Civil War and Francoism, specifically in the study of repression, international relations, mass media, and women&#8217;s history. She has directed research projects related to the history and digital memory of said period. She has been a guest lecturer at international universities such as Harvard, Sheffield, Prague, and Warsaw. Furthermore, she contributes to democratic memory as a founding member of the 20th Century Historical Memory Chair at the UCM, a member of the Board of Trustees of the Documentary Center of Historical Memory, and a member of the Advisory Council of both the Memory Institute of Navarra and the Documentary Fund of Historical Memory in Navarra. She is also a member of the Editorial Board of the Spanish University Foundation and the &#8220;Women&#8217;s Memory&#8221; collection at the University of Salamanca Press.    <\/span><\/p>\n<p>[\/et_pb_text][\/et_pb_column][\/et_pb_row][\/et_pb_section][et_pb_section fb_built=&#8221;1&#8243; disabled_on=&#8221;on|on|on&#8221; admin_label=&#8221;CV equipo docente&#8221; module_id=&#8221;Curriculum-equipo&#8221; _builder_version=&#8221;4.24.2&#8243; _module_preset=&#8221;default&#8221; background_color=&#8221;rgba(0,0,0,0.65)&#8221; disabled collapsed=&#8221;off&#8221; global_colors_info=&#8221;{}&#8221;][et_pb_row _builder_version=&#8221;4.24.2&#8243; _module_preset=&#8221;default&#8221; global_colors_info=&#8221;{}&#8221;][et_pb_column type=&#8221;4_4&#8243; _builder_version=&#8221;4.24.2&#8243; _module_preset=&#8221;default&#8221; global_colors_info=&#8221;{}&#8221;][et_pb_text admin_label=&#8221;Texto cv&#8221; _builder_version=&#8221;4.27.0&#8243; _module_preset=&#8221;bac8ece3-e969-4d21-a72c-ec40ff0005b1&#8243; text_text_color=&#8221;#FFFFFF&#8221; global_colors_info=&#8221;{}&#8221;]<\/p>\n<p><strong>Teaching Team<\/strong><\/p>\n<p>[\/et_pb_text][et_pb_text disabled_on=&#8221;on|on|on&#8221; admin_label=&#8221;Texto cv&#8221; _builder_version=&#8221;4.27.0&#8243; _module_preset=&#8221;bac8ece3-e969-4d21-a72c-ec40ff0005b1&#8243; text_text_color=&#8221;#FFFFFF&#8221; disabled global_colors_info=&#8221;{}&#8221;]<\/p>\n<p>The teaching team for the course &#8220;The Classical World in the Digital Era: New Challenges&#8221; consists of six people, including the Directors, with equal representation between men and women (3+3). Coming from different but complementary disciplines such as Philology, Law, Archaeology and History, they have all been cooperating for many years, working together on the research lines of the &#8220;Lucio Anneo S\u00e9neca&#8221; Institute of Classical Studies at UC3M. This institute is at the forefront in the Spanish and international sphere in the field of &#8220;digital humanities,&#8221; developing a series of projects for the online publication of databases and digitization of documents related to the classical world and its survival throughout history.   Regarding teaching activity related to the promotion, updating and scientific presentation of various aspects of the classical world, the six course instructors demonstrate a long teaching trajectory, of which the following activities are worth highlighting:<\/p>\n<p>[\/et_pb_text][\/et_pb_column][\/et_pb_row][et_pb_row column_structure=&#8221;1_2,1_2&#8243; disabled_on=&#8221;on|on|on&#8221; _builder_version=&#8221;4.24.2&#8243; _module_preset=&#8221;default&#8221; disabled global_colors_info=&#8221;{}&#8221;][et_pb_column type=&#8221;1_2&#8243; _builder_version=&#8221;4.24.2&#8243; _module_preset=&#8221;default&#8221; global_colors_info=&#8221;{}&#8221;][et_pb_text admin_label=&#8221;Texto cv&#8221; _builder_version=&#8221;4.27.0&#8243; _module_preset=&#8221;bac8ece3-e969-4d21-a72c-ec40ff0005b1&#8243; text_text_color=&#8221;#FFFFFF&#8221; global_colors_info=&#8221;{}&#8221;]<\/p>\n<p><strong>Francisco L. Lisi Bereterbide<\/strong> was for many years coordinator of the Classical Studies area in the Department of Humanities at UC3M and instructor of the undergraduate courses &#8220;Classical Culture&#8221; and &#8220;Transmission of the Classical Legacy&#8221; and the graduate course &#8220;The Transmission of the Classical Legacy.&#8221; Founder and first director of the &#8220;Lucio Anneo S\u00e9neca&#8221; Institute of Classical Studies. <\/p>\n<p><strong>Rosa M. Carre\u00f1o<\/strong> S\u00e1nchez has been teaching, in both Spanish and English, the Humanities Course &#8220;Daily Life and Norms in Rome\/Daily life and norms in Rome&#8221; for more than five years. This course is taught at the Getafe and Colmenarejo Campuses and is offered to students of different nationalities and from the most diverse degree programs (Law, Economics, Business Administration, Computer Engineering, etc.).  She has experience in creating digital libraries, having participated in the digitization and publication of the &#8220;Antecessores&#8221; ancient legal collection of the Library of the Universitat de Girona.<\/p>\n<p>[\/et_pb_text][\/et_pb_column][et_pb_column type=&#8221;1_2&#8243; _builder_version=&#8221;4.24.2&#8243; _module_preset=&#8221;default&#8221; global_colors_info=&#8221;{}&#8221;][et_pb_text admin_label=&#8221;Texto cv&#8221; _builder_version=&#8221;4.27.0&#8243; _module_preset=&#8221;bac8ece3-e969-4d21-a72c-ec40ff0005b1&#8243; text_text_color=&#8221;#FFFFFF&#8221; global_colors_info=&#8221;{}&#8221;]<\/p>\n<p> <strong>Ana M. Rodr\u00edguez Gonz\u00e1lez<\/strong> was coordinator of the Conference on Greco-Roman Criminal Law: Crimes and Punishments in Antiquity, organized by the &#8220;Lucio Anneo S\u00e9neca&#8221; Institute of Classical Studies as early as 2008. Since then and to this day, one of the lines of her teaching activity has been dedicated to disseminating how criminal justice was perceived and organized in ancient history. On this topic and others also related to Roman culture, society, and law, she has taught numerous Humanities Courses and has published several didactic works designed to explain these subjects through a careful selection of texts. She has also participated in various research projects aimed at analyzing the relationship between Law and religion in the past of Greece and Rome.   <\/p>\n<p><strong>Jes\u00fas Bermejo Tirado<\/strong> is director of the &#8220;Open Digital Archaeology Laboratory,&#8221; to integrate citizens into the process of digitization, analysis, and function of the archaeological and documentary heritage of the Community of Madrid; this activity has just been awarded the Yerun Open Science Award. In addition, JBT is coordinator and instructor of the undergraduate course &#8220;Classical Culture&#8221; at the Faculty of HCD and Director of the Department of Humanities: History, Geography, and Art.  <\/p>\n<p>[\/et_pb_text][\/et_pb_column][\/et_pb_row][\/et_pb_section]<\/p>\n","protected":false},"excerpt":{"rendered":"<p>Democratic Memory of Women in SpainDirection: Rosa San Segundo Codirection: Matilde Eiroa &nbsp;Location: Aula 2.A.04. Campus Madrid &#8211; Puerta de Toledo. Target AudienceUndergraduate, Postgraduate, and International students, and Senior University participants. &nbsp;SpeakersDirection: Rosa San Segundo. Co-director: Matilde Eiroa. Link to CV. Speakers: Matilde Eiroa. Acad\u00e9mica Senior, UC3M. Encarnaci\u00f3n Barranquero, Universidad de M\u00e1laga. Pilar Dom\u00ednguez Prats, [&hellip;]<\/p>\n","protected":false},"author":367,"featured_media":0,"parent":0,"menu_order":0,"comment_status":"closed","ping_status":"closed","template":"","meta":{"_et_pb_use_builder":"on","_et_pb_old_content":"","_et_gb_content_width":"","footnotes":""},"class_list":["post-3426","page","type-page","status-publish","hentry"],"_links":{"self":[{"href":"https:\/\/cursosverano.uc3m.es\/en\/wp-json\/wp\/v2\/pages\/3426","targetHints":{"allow":["GET"]}}],"collection":[{"href":"https:\/\/cursosverano.uc3m.es\/en\/wp-json\/wp\/v2\/pages"}],"about":[{"href":"https:\/\/cursosverano.uc3m.es\/en\/wp-json\/wp\/v2\/types\/page"}],"author":[{"embeddable":true,"href":"https:\/\/cursosverano.uc3m.es\/en\/wp-json\/wp\/v2\/users\/367"}],"replies":[{"embeddable":true,"href":"https:\/\/cursosverano.uc3m.es\/en\/wp-json\/wp\/v2\/comments?post=3426"}],"version-history":[{"count":1,"href":"https:\/\/cursosverano.uc3m.es\/en\/wp-json\/wp\/v2\/pages\/3426\/revisions"}],"predecessor-version":[{"id":3433,"href":"https:\/\/cursosverano.uc3m.es\/en\/wp-json\/wp\/v2\/pages\/3426\/revisions\/3433"}],"wp:attachment":[{"href":"https:\/\/cursosverano.uc3m.es\/en\/wp-json\/wp\/v2\/media?parent=3426"}],"curies":[{"name":"wp","href":"https:\/\/api.w.org\/{rel}","templated":true}]}}